{"id":26907,"date":"2025-06-24T14:30:45","date_gmt":"2025-06-24T12:30:45","guid":{"rendered":"https:\/\/www.clinica-sante.com\/ro\/analize-fara-categorie\/dozare-amiodarona\/"},"modified":"2026-01-03T17:19:27","modified_gmt":"2026-01-03T15:19:27","slug":"dozare-amiodarona","status":"publish","type":"product","link":"https:\/\/www.clinica-sante.com\/ro\/analize-dozare-terapeutica-de-medicamente\/dozare-amiodarona\/","title":{"rendered":"Dozare Amiodarona"},"content":{"rendered":"","protected":false},"excerpt":{"rendered":"<p>Amiodarona este un medicament utilizat \u00een tratamentul aritmiilor cardiace. Dozarea nivelului seric este util\u0103 \u00een monitorizarea terapiei, ajustarea dozelor \u0219i evaluarea toxicit\u0103\u021bii.<\/p>\n","protected":false},"featured_media":0,"template":"","meta":{"_acf_changed":false,"inline_featured_image":false},"product_brand":[],"product_cat":[1209,3164,2876],"product_tag":[],"class_list":{"0":"post-26907","1":"product","2":"type-product","3":"status-publish","5":"product_cat-analize","6":"product_cat-dozare-terapeutica-de-medicamente","7":"product_cat-serviciu-laborator","8":"pa_conditii-medicale-afecti-aritmii-cardiace","9":"pa_conditii-medicale-afecti-hipertiroidism","10":"pa_conditii-medicale-afecti-hipotiroidism","11":"pa_parti-ale-corpului-organ-glanda-tiroida","12":"pa_parti-ale-corpului-siste-sistem-endocrin","14":"first","15":"instock","16":"sale","17":"virtual","18":"purchasable","19":"product-type-simple"},"acf":[],"aioseo_notices":[],"_links":{"self":[{"href":"https:\/\/www.clinica-sante.com\/ro\/wp-json\/wp\/v2\/product\/26907","targetHints":{"allow":["GET"]}}],"collection":[{"href":"https:\/\/www.clinica-sante.com\/ro\/wp-json\/wp\/v2\/product"}],"about":[{"href":"https:\/\/www.clinica-sante.com\/ro\/wp-json\/wp\/v2\/types\/product"}],"wp:attachment":[{"href":"https:\/\/www.clinica-sante.com\/ro\/wp-json\/wp\/v2\/media?parent=26907"}],"wp:term":[{"taxonomy":"product_brand","embeddable":true,"href":"https:\/\/www.clinica-sante.com\/ro\/wp-json\/wp\/v2\/product_brand?post=26907"},{"taxonomy":"product_cat","embeddable":true,"href":"https:\/\/www.clinica-sante.com\/ro\/wp-json\/wp\/v2\/product_cat?post=26907"},{"taxonomy":"product_tag","embeddable":true,"href":"https:\/\/www.clinica-sante.com\/ro\/wp-json\/wp\/v2\/product_tag?post=26907"}],"curies":[{"name":"wp","href":"https:\/\/api.w.org\/{rel}","templated":true}]}}