{"id":26898,"date":"2025-06-24T14:30:12","date_gmt":"2025-06-24T12:30:12","guid":{"rendered":"https:\/\/www.clinica-sante.com\/ro\/analize-fara-categorie\/legionella-pneumophila-anticorpi-totali\/"},"modified":"2026-01-03T17:18:59","modified_gmt":"2026-01-03T15:18:59","slug":"legionella-pneumophila-anticorpi-totali","status":"publish","type":"product","link":"https:\/\/www.clinica-sante.com\/ro\/analize-boli-infectioase\/legionella-pneumophila-anticorpi-totali\/","title":{"rendered":"Legionella pneumophila: Anticorpi totali"},"content":{"rendered":"","protected":false},"excerpt":{"rendered":"<p>Testul identific\u0103 anticorpii \u00eempotriva bacteriei Legionella pneumophila, agent patogen implicat \u00een pneumonia sever\u0103 (boala legionarilor). Este recomandat \u00een infec\u021bii respiratorii cu evolu\u021bie sever\u0103 sau atipic\u0103.<\/p>\n","protected":false},"featured_media":0,"template":"","meta":{"_acf_changed":false,"inline_featured_image":false},"product_brand":[],"product_cat":[1209,3179,2876],"product_tag":[],"class_list":{"0":"post-26898","1":"product","2":"type-product","3":"status-publish","5":"product_cat-analize","6":"product_cat-boli-infectioase","7":"product_cat-serviciu-laborator","8":"pa_conditii-medicale-afecti-bronhopneumonii","9":"pa_parti-ale-corpului-organ-plamani","10":"pa_parti-ale-corpului-siste-sistem-respirator","12":"first","13":"instock","14":"sale","15":"virtual","16":"purchasable","17":"product-type-simple"},"acf":[],"aioseo_notices":[],"_links":{"self":[{"href":"https:\/\/www.clinica-sante.com\/ro\/wp-json\/wp\/v2\/product\/26898","targetHints":{"allow":["GET"]}}],"collection":[{"href":"https:\/\/www.clinica-sante.com\/ro\/wp-json\/wp\/v2\/product"}],"about":[{"href":"https:\/\/www.clinica-sante.com\/ro\/wp-json\/wp\/v2\/types\/product"}],"wp:attachment":[{"href":"https:\/\/www.clinica-sante.com\/ro\/wp-json\/wp\/v2\/media?parent=26898"}],"wp:term":[{"taxonomy":"product_brand","embeddable":true,"href":"https:\/\/www.clinica-sante.com\/ro\/wp-json\/wp\/v2\/product_brand?post=26898"},{"taxonomy":"product_cat","embeddable":true,"href":"https:\/\/www.clinica-sante.com\/ro\/wp-json\/wp\/v2\/product_cat?post=26898"},{"taxonomy":"product_tag","embeddable":true,"href":"https:\/\/www.clinica-sante.com\/ro\/wp-json\/wp\/v2\/product_tag?post=26898"}],"curies":[{"name":"wp","href":"https:\/\/api.w.org\/{rel}","templated":true}]}}