{"id":26893,"date":"2025-06-24T15:29:54","date_gmt":"2025-06-24T12:29:54","guid":{"rendered":"https:\/\/www.clinica-sante.com\/ro\/analize-fara-categorie\/osmolaritate-urina\/"},"modified":"2026-01-03T17:18:45","modified_gmt":"2026-01-03T15:18:45","slug":"osmolaritate-urina","status":"publish","type":"product","link":"https:\/\/www.clinica-sante.com\/ro\/analize-biochimie\/osmolaritate-urina\/","title":{"rendered":"Osmolaritate (urina)"},"content":{"rendered":"","protected":false},"excerpt":{"rendered":"<p>Aceast\u0103 analiz\u0103 evalueaz\u0103 capacitatea rinichilor de a concentra urina, fiind util\u0103 \u00een diagnosticul dezechilibrelor hidro-electrolitice, deshidrat\u0103rii, insuficien\u021bei renale, sindromului de secre\u021bie inadecvat\u0103 de ADH \u0219i afec\u021biunilor endocrine.<\/p>\n","protected":false},"featured_media":0,"template":"","meta":{"_acf_changed":false,"inline_featured_image":false},"product_brand":[],"product_cat":[1209,3169,2876],"product_tag":[],"class_list":{"0":"post-26893","1":"product","2":"type-product","3":"status-publish","5":"product_cat-analize","6":"product_cat-biochimie","7":"product_cat-serviciu-laborator","9":"first","10":"instock","11":"sale","12":"virtual","13":"purchasable","14":"product-type-simple"},"acf":[],"aioseo_notices":[],"_links":{"self":[{"href":"https:\/\/www.clinica-sante.com\/ro\/wp-json\/wp\/v2\/product\/26893","targetHints":{"allow":["GET"]}}],"collection":[{"href":"https:\/\/www.clinica-sante.com\/ro\/wp-json\/wp\/v2\/product"}],"about":[{"href":"https:\/\/www.clinica-sante.com\/ro\/wp-json\/wp\/v2\/types\/product"}],"wp:attachment":[{"href":"https:\/\/www.clinica-sante.com\/ro\/wp-json\/wp\/v2\/media?parent=26893"}],"wp:term":[{"taxonomy":"product_brand","embeddable":true,"href":"https:\/\/www.clinica-sante.com\/ro\/wp-json\/wp\/v2\/product_brand?post=26893"},{"taxonomy":"product_cat","embeddable":true,"href":"https:\/\/www.clinica-sante.com\/ro\/wp-json\/wp\/v2\/product_cat?post=26893"},{"taxonomy":"product_tag","embeddable":true,"href":"https:\/\/www.clinica-sante.com\/ro\/wp-json\/wp\/v2\/product_tag?post=26893"}],"curies":[{"name":"wp","href":"https:\/\/api.w.org\/{rel}","templated":true}]}}