{"id":26887,"date":"2025-06-24T15:29:31","date_gmt":"2025-06-24T12:29:31","guid":{"rendered":"https:\/\/www.clinica-sante.com\/ro\/analize-fara-categorie\/evaluare-risc-preeclampsie-papp-a-plgf-11-13-6-saptamani\/"},"modified":"2026-01-03T17:18:28","modified_gmt":"2026-01-03T15:18:28","slug":"evaluare-risc-preeclampsie-papp-a-plgf-11-13-6-saptamani","status":"publish","type":"product","link":"https:\/\/www.clinica-sante.com\/ro\/analize-screening-prenatal\/evaluare-risc-preeclampsie-papp-a-plgf-11-13-6-saptamani\/","title":{"rendered":"Evaluare risc preeclampsie (PAPP-A\/PlGF) (11 &#8211; 13.6 saptamani)"},"content":{"rendered":"","protected":false},"excerpt":{"rendered":"<p>Testul evalueaz\u0103 nivelurile serice ale PAPP-A (proteina asociat\u0103 sarcinii A) \u0219i PlGF (factor de cre\u0219tere placentar\u0103) \u00een primul trimestru (s\u0103pt\u0103m\u00e2nile 11\u201313). Aceste proteine reflect\u0103 func\u021bia placentar\u0103, iar sc\u0103derea lor poate indica un risc crescut de preeclampsie. Testul permite identificarea precoce a sarcinilor cu risc crescut \u0219i ghidarea monitoriz\u0103rii obstetricale.<\/p>\n","protected":false},"featured_media":0,"template":"","meta":{"_acf_changed":false,"inline_featured_image":false},"product_brand":[],"product_cat":[1209,3224,2876],"product_tag":[],"class_list":{"0":"post-26887","1":"product","2":"type-product","3":"status-publish","5":"product_cat-analize","6":"product_cat-screening-prenatal","7":"product_cat-serviciu-laborator","9":"first","10":"instock","11":"sale","12":"virtual","13":"purchasable","14":"product-type-simple"},"acf":[],"aioseo_notices":[],"_links":{"self":[{"href":"https:\/\/www.clinica-sante.com\/ro\/wp-json\/wp\/v2\/product\/26887","targetHints":{"allow":["GET"]}}],"collection":[{"href":"https:\/\/www.clinica-sante.com\/ro\/wp-json\/wp\/v2\/product"}],"about":[{"href":"https:\/\/www.clinica-sante.com\/ro\/wp-json\/wp\/v2\/types\/product"}],"wp:attachment":[{"href":"https:\/\/www.clinica-sante.com\/ro\/wp-json\/wp\/v2\/media?parent=26887"}],"wp:term":[{"taxonomy":"product_brand","embeddable":true,"href":"https:\/\/www.clinica-sante.com\/ro\/wp-json\/wp\/v2\/product_brand?post=26887"},{"taxonomy":"product_cat","embeddable":true,"href":"https:\/\/www.clinica-sante.com\/ro\/wp-json\/wp\/v2\/product_cat?post=26887"},{"taxonomy":"product_tag","embeddable":true,"href":"https:\/\/www.clinica-sante.com\/ro\/wp-json\/wp\/v2\/product_tag?post=26887"}],"curies":[{"name":"wp","href":"https:\/\/api.w.org\/{rel}","templated":true}]}}