{"id":26878,"date":"2025-06-24T15:28:58","date_gmt":"2025-06-24T12:28:58","guid":{"rendered":"https:\/\/www.clinica-sante.com\/ro\/analize-fara-categorie\/factor-ii-protrombina-activitate\/"},"modified":"2026-01-03T17:17:59","modified_gmt":"2026-01-03T15:17:59","slug":"factor-ii-protrombina-activitate","status":"publish","type":"product","link":"https:\/\/www.clinica-sante.com\/ro\/analize-coagulare-si-hemostaza\/factor-ii-protrombina-activitate\/","title":{"rendered":"Factor II (protrombina) &#8211; activitate"},"content":{"rendered":"","protected":false},"excerpt":{"rendered":"<p>Analiza evalueaz\u0103 func\u021bia protrombinei, o protein\u0103 esen\u021bial\u0103 \u00een coagularea s\u00e2ngelui. Este recomandat\u0103 \u00een diagnosticul tulbur\u0103rilor de coagulare, monitorizarea anticoagulantelor orale \u0219i \u00een suspiciunea de boli hepatice cu impact asupra sintezei factorilor de coagulare.<\/p>\n","protected":false},"featured_media":0,"template":"","meta":{"_acf_changed":false,"inline_featured_image":false},"product_brand":[],"product_cat":[1209,3171,2876],"product_tag":[],"class_list":{"0":"post-26878","1":"product","2":"type-product","3":"status-publish","5":"product_cat-analize","6":"product_cat-coagulare-si-hemostaza","7":"product_cat-serviciu-laborator","8":"pa_conditii-medicale-afecti-tulburari-de-coagulare-trombofilie-hemofilie","10":"first","11":"instock","12":"sale","13":"virtual","14":"purchasable","15":"product-type-simple"},"acf":[],"aioseo_notices":[],"_links":{"self":[{"href":"https:\/\/www.clinica-sante.com\/ro\/wp-json\/wp\/v2\/product\/26878","targetHints":{"allow":["GET"]}}],"collection":[{"href":"https:\/\/www.clinica-sante.com\/ro\/wp-json\/wp\/v2\/product"}],"about":[{"href":"https:\/\/www.clinica-sante.com\/ro\/wp-json\/wp\/v2\/types\/product"}],"wp:attachment":[{"href":"https:\/\/www.clinica-sante.com\/ro\/wp-json\/wp\/v2\/media?parent=26878"}],"wp:term":[{"taxonomy":"product_brand","embeddable":true,"href":"https:\/\/www.clinica-sante.com\/ro\/wp-json\/wp\/v2\/product_brand?post=26878"},{"taxonomy":"product_cat","embeddable":true,"href":"https:\/\/www.clinica-sante.com\/ro\/wp-json\/wp\/v2\/product_cat?post=26878"},{"taxonomy":"product_tag","embeddable":true,"href":"https:\/\/www.clinica-sante.com\/ro\/wp-json\/wp\/v2\/product_tag?post=26878"}],"curies":[{"name":"wp","href":"https:\/\/api.w.org\/{rel}","templated":true}]}}