{"id":26866,"date":"2025-06-24T15:28:14","date_gmt":"2025-06-24T12:28:14","guid":{"rendered":"https:\/\/www.clinica-sante.com\/ro\/analize-fara-categorie\/anticorpi-anti-lactoferina-igg\/"},"modified":"2026-01-05T19:03:14","modified_gmt":"2026-01-05T17:03:14","slug":"anticorpi-anti-lactoferina-igg","status":"publish","type":"product","link":"https:\/\/www.clinica-sante.com\/ro\/analize-boli-autoimune\/anticorpi-anti-lactoferina-igg\/","title":{"rendered":"Anticorpi anti-lactoferina IgG"},"content":{"rendered":"","protected":false},"excerpt":{"rendered":"<p>Testul identific\u0103 autoanticorpii IgG \u00eempotriva lactoferinei, o glicoprotein\u0103 cu rol antimicrobian prezent\u0103 \u00een neutrofile \u0219i \u00een secre\u021bii biologice precum saliv\u0103, lacrimi \u0219i lapte matern. Analiza este utilizat\u0103 \u00een evaluarea bolilor inflamatorii intestinale (boala Crohn, colita ulcerativ\u0103) \u0219i \u00een alte tulbur\u0103ri autoimune, contribuind la stabilirea diagnosticului \u0219i la monitorizarea evolu\u021biei bolii.<\/p>\n","protected":false},"featured_media":0,"template":"","meta":{"_acf_changed":false,"inline_featured_image":false},"product_brand":[],"product_cat":[1209,3181,2876],"product_tag":[],"class_list":{"0":"post-26866","1":"product","2":"type-product","3":"status-publish","5":"product_cat-analize","6":"product_cat-boli-autoimune","7":"product_cat-serviciu-laborator","8":"pa_conditii-medicale-afecti-boli-inflamatorii-intestinale-rectocolita-ulcerohemoragica-boala-crohn","10":"first","11":"instock","12":"sale","13":"virtual","14":"purchasable","15":"product-type-simple"},"acf":[],"aioseo_notices":[],"_links":{"self":[{"href":"https:\/\/www.clinica-sante.com\/ro\/wp-json\/wp\/v2\/product\/26866","targetHints":{"allow":["GET"]}}],"collection":[{"href":"https:\/\/www.clinica-sante.com\/ro\/wp-json\/wp\/v2\/product"}],"about":[{"href":"https:\/\/www.clinica-sante.com\/ro\/wp-json\/wp\/v2\/types\/product"}],"wp:attachment":[{"href":"https:\/\/www.clinica-sante.com\/ro\/wp-json\/wp\/v2\/media?parent=26866"}],"wp:term":[{"taxonomy":"product_brand","embeddable":true,"href":"https:\/\/www.clinica-sante.com\/ro\/wp-json\/wp\/v2\/product_brand?post=26866"},{"taxonomy":"product_cat","embeddable":true,"href":"https:\/\/www.clinica-sante.com\/ro\/wp-json\/wp\/v2\/product_cat?post=26866"},{"taxonomy":"product_tag","embeddable":true,"href":"https:\/\/www.clinica-sante.com\/ro\/wp-json\/wp\/v2\/product_tag?post=26866"}],"curies":[{"name":"wp","href":"https:\/\/api.w.org\/{rel}","templated":true}]}}