{"id":26857,"date":"2025-06-24T15:27:39","date_gmt":"2025-06-24T12:27:39","guid":{"rendered":"https:\/\/www.clinica-sante.com\/ro\/analize-fara-categorie\/acizi-organici-urinari-screening\/"},"modified":"2026-01-03T17:16:58","modified_gmt":"2026-01-03T15:16:58","slug":"acizi-organici-urinari-screening","status":"publish","type":"product","link":"https:\/\/www.clinica-sante.com\/ro\/analize-biochimie\/acizi-organici-urinari-screening\/","title":{"rendered":"Acizi organici urinari (screening)"},"content":{"rendered":"","protected":false},"excerpt":{"rendered":"<p>Screening-ul acizilor organici din urin\u0103 ajut\u0103 la identificarea erorilor \u00eenn\u0103scute de metabolism. Este indicat \u00een tulbur\u0103ri neurologice, \u00eent\u00e2rzieri de dezvoltare, acidoze metabolice sau episoade de v\u0103rs\u0103turi recurente \u0219i hipoglicemie de cauz\u0103 neprecizat\u0103.<\/p>\n","protected":false},"featured_media":0,"template":"","meta":{"_acf_changed":false,"inline_featured_image":false},"product_brand":[],"product_cat":[1209,3169,2876],"product_tag":[],"class_list":{"0":"post-26857","1":"product","2":"type-product","3":"status-publish","5":"product_cat-analize","6":"product_cat-biochimie","7":"product_cat-serviciu-laborator","9":"first","10":"instock","11":"sale","12":"virtual","13":"purchasable","14":"product-type-simple"},"acf":[],"aioseo_notices":[],"_links":{"self":[{"href":"https:\/\/www.clinica-sante.com\/ro\/wp-json\/wp\/v2\/product\/26857","targetHints":{"allow":["GET"]}}],"collection":[{"href":"https:\/\/www.clinica-sante.com\/ro\/wp-json\/wp\/v2\/product"}],"about":[{"href":"https:\/\/www.clinica-sante.com\/ro\/wp-json\/wp\/v2\/types\/product"}],"wp:attachment":[{"href":"https:\/\/www.clinica-sante.com\/ro\/wp-json\/wp\/v2\/media?parent=26857"}],"wp:term":[{"taxonomy":"product_brand","embeddable":true,"href":"https:\/\/www.clinica-sante.com\/ro\/wp-json\/wp\/v2\/product_brand?post=26857"},{"taxonomy":"product_cat","embeddable":true,"href":"https:\/\/www.clinica-sante.com\/ro\/wp-json\/wp\/v2\/product_cat?post=26857"},{"taxonomy":"product_tag","embeddable":true,"href":"https:\/\/www.clinica-sante.com\/ro\/wp-json\/wp\/v2\/product_tag?post=26857"}],"curies":[{"name":"wp","href":"https:\/\/api.w.org\/{rel}","templated":true}]}}