{"id":26855,"date":"2025-06-24T15:27:31","date_gmt":"2025-06-24T12:27:31","guid":{"rendered":"https:\/\/www.clinica-sante.com\/ro\/analize-fara-categorie\/gastrina\/"},"modified":"2026-01-03T17:16:56","modified_gmt":"2026-01-03T15:16:56","slug":"gastrina","status":"publish","type":"product","link":"https:\/\/www.clinica-sante.com\/ro\/analize-imunologie\/gastrina\/","title":{"rendered":"Gastrina"},"content":{"rendered":"","protected":false},"excerpt":{"rendered":"<p>Gastrina este un hormon produs la nivelul stomacului (de celulele G), cu rol \u00een stimularea secre\u021biei de acid gastric. Determinarea este recomandat\u0103 \u00een diagnosticul \u0219i monitorizarea gastrinoamelor (sindrom Zollinger-Ellison), tumori neuroendocrine caracterizate prin hipersecre\u021bie de gastrin\u0103, care determin\u0103 manifest\u0103ri digestive specifice.<\/p>\n","protected":false},"featured_media":0,"template":"","meta":{"_acf_changed":false,"inline_featured_image":false},"product_brand":[],"product_cat":[1209,3180,2876],"product_tag":[],"class_list":{"0":"post-26855","1":"product","2":"type-product","3":"status-publish","5":"product_cat-analize","6":"product_cat-imunologie","7":"product_cat-serviciu-laborator","8":"pa_conditii-medicale-afecti-gastrite-infectioase-autoimuna-ulcer","9":"pa_conditii-medicale-afecti-tumori-neuroendocrine-pancreatice","10":"pa_parti-ale-corpului-organ-pancreas","11":"pa_parti-ale-corpului-siste-sistem-digestiv","13":"first","14":"instock","15":"sale","16":"virtual","17":"purchasable","18":"product-type-simple"},"acf":[],"aioseo_notices":[],"_links":{"self":[{"href":"https:\/\/www.clinica-sante.com\/ro\/wp-json\/wp\/v2\/product\/26855","targetHints":{"allow":["GET"]}}],"collection":[{"href":"https:\/\/www.clinica-sante.com\/ro\/wp-json\/wp\/v2\/product"}],"about":[{"href":"https:\/\/www.clinica-sante.com\/ro\/wp-json\/wp\/v2\/types\/product"}],"wp:attachment":[{"href":"https:\/\/www.clinica-sante.com\/ro\/wp-json\/wp\/v2\/media?parent=26855"}],"wp:term":[{"taxonomy":"product_brand","embeddable":true,"href":"https:\/\/www.clinica-sante.com\/ro\/wp-json\/wp\/v2\/product_brand?post=26855"},{"taxonomy":"product_cat","embeddable":true,"href":"https:\/\/www.clinica-sante.com\/ro\/wp-json\/wp\/v2\/product_cat?post=26855"},{"taxonomy":"product_tag","embeddable":true,"href":"https:\/\/www.clinica-sante.com\/ro\/wp-json\/wp\/v2\/product_tag?post=26855"}],"curies":[{"name":"wp","href":"https:\/\/api.w.org\/{rel}","templated":true}]}}