{"id":26854,"date":"2025-06-24T15:27:28","date_gmt":"2025-06-24T12:27:28","guid":{"rendered":"https:\/\/www.clinica-sante.com\/ro\/analize-fara-categorie\/bilirubina-directa\/"},"modified":"2026-01-05T19:03:01","modified_gmt":"2026-01-05T17:03:01","slug":"bilirubina-directa","status":"publish","type":"product","link":"https:\/\/www.clinica-sante.com\/ro\/analize-biochimie\/bilirubina-directa\/","title":{"rendered":"Bilirubina directa"},"content":{"rendered":"","protected":false},"excerpt":{"rendered":"<p>Bilirubina direct\u0103 (conjugat\u0103) este forma de bilirubin\u0103 prelucrat\u0103 de ficat \u0219i eliminat\u0103 prin bil\u0103. Analiza ajut\u0103 la diagnosticul diferen\u021bial al icterului \u0219i monitorizarea func\u021biei hepatice \u0219i a c\u0103ilor biliare. Valori crescute pot indica hepatit\u0103, ciroz\u0103 sau calculi biliari.<\/p>\n","protected":false},"featured_media":0,"template":"","meta":{"_acf_changed":false,"inline_featured_image":false},"product_brand":[],"product_cat":[1209,3169,2876],"product_tag":[],"class_list":{"0":"post-26854","1":"product","2":"type-product","3":"status-publish","5":"product_cat-analize","6":"product_cat-biochimie","7":"product_cat-serviciu-laborator","8":"pa_conditii-medicale-afecti-colangita-biliara-primitiva","9":"pa_conditii-medicale-afecti-colecistita","10":"pa_conditii-medicale-afecti-litiaza-biliara-icter","11":"pa_conditii-medicale-afecti-testarea-functiei-hepato-biliare","12":"pa_parti-ale-corpului-organ-ficat-si-colecist","13":"pa_parti-ale-corpului-siste-sistem-digestiv","15":"first","16":"instock","17":"sale","18":"virtual","19":"purchasable","20":"product-type-simple"},"acf":[],"aioseo_notices":[],"_links":{"self":[{"href":"https:\/\/www.clinica-sante.com\/ro\/wp-json\/wp\/v2\/product\/26854","targetHints":{"allow":["GET"]}}],"collection":[{"href":"https:\/\/www.clinica-sante.com\/ro\/wp-json\/wp\/v2\/product"}],"about":[{"href":"https:\/\/www.clinica-sante.com\/ro\/wp-json\/wp\/v2\/types\/product"}],"wp:attachment":[{"href":"https:\/\/www.clinica-sante.com\/ro\/wp-json\/wp\/v2\/media?parent=26854"}],"wp:term":[{"taxonomy":"product_brand","embeddable":true,"href":"https:\/\/www.clinica-sante.com\/ro\/wp-json\/wp\/v2\/product_brand?post=26854"},{"taxonomy":"product_cat","embeddable":true,"href":"https:\/\/www.clinica-sante.com\/ro\/wp-json\/wp\/v2\/product_cat?post=26854"},{"taxonomy":"product_tag","embeddable":true,"href":"https:\/\/www.clinica-sante.com\/ro\/wp-json\/wp\/v2\/product_tag?post=26854"}],"curies":[{"name":"wp","href":"https:\/\/api.w.org\/{rel}","templated":true}]}}