{"id":26850,"date":"2025-06-24T14:27:10","date_gmt":"2025-06-24T12:27:10","guid":{"rendered":"https:\/\/www.clinica-sante.com\/ro\/analize-fara-categorie\/profil-anticorpi-anti-sinapse-neuronale-din-lcr-ampar-dppx-gabar-glyr-iglons5-mglur1-mglur5-acpil\/"},"modified":"2026-01-03T17:16:44","modified_gmt":"2026-01-03T15:16:44","slug":"profil-anticorpi-anti-sinapse-neuronale-din-lcr-ampar-dppx-gabar-glyr-iglons5-mglur1-mglur5-acpil","status":"publish","type":"product","link":"https:\/\/www.clinica-sante.com\/ro\/analize-boli-autoimune\/profil-anticorpi-anti-sinapse-neuronale-din-lcr-ampar-dppx-gabar-glyr-iglons5-mglur1-mglur5-acpil\/","title":{"rendered":"Profil anticorpi anti-sinapse neuronale din LCR (AMPAR, DPPX, GABAR, GlyR, Iglons5, mGluR1, mGluR5) [ACPIL]"},"content":{"rendered":"","protected":false},"excerpt":{"rendered":"<p>Analiza detecteaz\u0103 autoanticorpi \u00eendrepta\u021bi \u00eempotriva proteinelor sinaptice neuronale, implica\u021bi \u00een encefalitele autoimune. Se realizeaz\u0103 din lichid cefalorahidian \u0219i este util\u0103 \u00een cazuri cu convulsii, tulbur\u0103ri de comportament, halucina\u021bii, agita\u021bie sau regres neurologic brusc.<\/p>\n","protected":false},"featured_media":0,"template":"","meta":{"_acf_changed":false,"inline_featured_image":false},"product_brand":[],"product_cat":[1209,3181,2876],"product_tag":[],"class_list":{"0":"post-26850","1":"product","2":"type-product","3":"status-publish","5":"product_cat-analize","6":"product_cat-boli-autoimune","7":"product_cat-serviciu-laborator","9":"first","10":"instock","11":"sale","12":"virtual","13":"purchasable","14":"product-type-simple"},"acf":[],"aioseo_notices":[],"_links":{"self":[{"href":"https:\/\/www.clinica-sante.com\/ro\/wp-json\/wp\/v2\/product\/26850","targetHints":{"allow":["GET"]}}],"collection":[{"href":"https:\/\/www.clinica-sante.com\/ro\/wp-json\/wp\/v2\/product"}],"about":[{"href":"https:\/\/www.clinica-sante.com\/ro\/wp-json\/wp\/v2\/types\/product"}],"wp:attachment":[{"href":"https:\/\/www.clinica-sante.com\/ro\/wp-json\/wp\/v2\/media?parent=26850"}],"wp:term":[{"taxonomy":"product_brand","embeddable":true,"href":"https:\/\/www.clinica-sante.com\/ro\/wp-json\/wp\/v2\/product_brand?post=26850"},{"taxonomy":"product_cat","embeddable":true,"href":"https:\/\/www.clinica-sante.com\/ro\/wp-json\/wp\/v2\/product_cat?post=26850"},{"taxonomy":"product_tag","embeddable":true,"href":"https:\/\/www.clinica-sante.com\/ro\/wp-json\/wp\/v2\/product_tag?post=26850"}],"curies":[{"name":"wp","href":"https:\/\/api.w.org\/{rel}","templated":true}]}}