{"id":26841,"date":"2025-06-24T15:26:36","date_gmt":"2025-06-24T12:26:36","guid":{"rendered":"https:\/\/www.clinica-sante.com\/ro\/analize-fara-categorie\/citomegalovirus-anticorpi-igm\/"},"modified":"2026-01-05T19:02:51","modified_gmt":"2026-01-05T17:02:51","slug":"citomegalovirus-anticorpi-igm","status":"publish","type":"product","link":"https:\/\/www.clinica-sante.com\/ro\/analize-boli-infectioase\/citomegalovirus-anticorpi-igm\/","title":{"rendered":"Citomegalovirus: Anticorpi IgM"},"content":{"rendered":"","protected":false},"excerpt":{"rendered":"<p>Prezen\u021ba anticorpilor IgM anti-citomegalovirus (CMV) indic\u0103 o infec\u021bie recent\u0103 sau activ\u0103. Este un test important \u00een contextul sarcinii pentru evaluarea riscului de transmitere congenital\u0103 a CMV, precum \u0219i la pacien\u021bii cu imunodepresie, care pot dezvolta complica\u021biilor severe.<\/p>\n","protected":false},"featured_media":0,"template":"","meta":{"_acf_changed":false,"inline_featured_image":false},"product_brand":[],"product_cat":[1209,3179,2876],"product_tag":[],"class_list":{"0":"post-26841","1":"product","2":"type-product","3":"status-publish","5":"product_cat-analize","6":"product_cat-boli-infectioase","7":"product_cat-serviciu-laborator","8":"pa_conditii-medicale-afecti-gastrite-infectioase-autoimuna-ulcer","10":"first","11":"instock","12":"sale","13":"virtual","14":"purchasable","15":"product-type-simple"},"acf":[],"aioseo_notices":[],"_links":{"self":[{"href":"https:\/\/www.clinica-sante.com\/ro\/wp-json\/wp\/v2\/product\/26841","targetHints":{"allow":["GET"]}}],"collection":[{"href":"https:\/\/www.clinica-sante.com\/ro\/wp-json\/wp\/v2\/product"}],"about":[{"href":"https:\/\/www.clinica-sante.com\/ro\/wp-json\/wp\/v2\/types\/product"}],"wp:attachment":[{"href":"https:\/\/www.clinica-sante.com\/ro\/wp-json\/wp\/v2\/media?parent=26841"}],"wp:term":[{"taxonomy":"product_brand","embeddable":true,"href":"https:\/\/www.clinica-sante.com\/ro\/wp-json\/wp\/v2\/product_brand?post=26841"},{"taxonomy":"product_cat","embeddable":true,"href":"https:\/\/www.clinica-sante.com\/ro\/wp-json\/wp\/v2\/product_cat?post=26841"},{"taxonomy":"product_tag","embeddable":true,"href":"https:\/\/www.clinica-sante.com\/ro\/wp-json\/wp\/v2\/product_tag?post=26841"}],"curies":[{"name":"wp","href":"https:\/\/api.w.org\/{rel}","templated":true}]}}