{"id":26840,"date":"2025-06-24T15:26:32","date_gmt":"2025-06-24T12:26:32","guid":{"rendered":"https:\/\/www.clinica-sante.com\/ro\/analize-fara-categorie\/mangan-seric\/"},"modified":"2026-01-03T17:16:14","modified_gmt":"2026-01-03T15:16:14","slug":"mangan-seric","status":"publish","type":"product","link":"https:\/\/www.clinica-sante.com\/ro\/analize-serviciu-laborator\/mangan-seric\/","title":{"rendered":"Mangan seric"},"content":{"rendered":"","protected":false},"excerpt":{"rendered":"<p>Manganul este un oligoelement esen\u021bial implicat \u00een func\u021bionarea enzimelor antioxidante, metabolismul carbohidra\u021bilor \u0219i s\u0103n\u0103tatea sistemului osos. Analiza determin\u0103 nivelul s\u0103u \u00een s\u00e2nge, fiind utilizat\u0103 at\u00e2t pentru evaluarea statusului nutri\u021bional, c\u00e2t \u0219i pentru detectarea expunerii toxice.<\/p>\n","protected":false},"featured_media":0,"template":"","meta":{"_acf_changed":false,"inline_featured_image":false},"product_brand":[],"product_cat":[1209,2876,3176],"product_tag":[],"class_list":{"0":"post-26840","1":"product","2":"type-product","3":"status-publish","5":"product_cat-analize","6":"product_cat-serviciu-laborator","7":"product_cat-toxicologie","9":"first","10":"instock","11":"sale","12":"virtual","13":"purchasable","14":"product-type-simple"},"acf":[],"aioseo_notices":[],"_links":{"self":[{"href":"https:\/\/www.clinica-sante.com\/ro\/wp-json\/wp\/v2\/product\/26840","targetHints":{"allow":["GET"]}}],"collection":[{"href":"https:\/\/www.clinica-sante.com\/ro\/wp-json\/wp\/v2\/product"}],"about":[{"href":"https:\/\/www.clinica-sante.com\/ro\/wp-json\/wp\/v2\/types\/product"}],"wp:attachment":[{"href":"https:\/\/www.clinica-sante.com\/ro\/wp-json\/wp\/v2\/media?parent=26840"}],"wp:term":[{"taxonomy":"product_brand","embeddable":true,"href":"https:\/\/www.clinica-sante.com\/ro\/wp-json\/wp\/v2\/product_brand?post=26840"},{"taxonomy":"product_cat","embeddable":true,"href":"https:\/\/www.clinica-sante.com\/ro\/wp-json\/wp\/v2\/product_cat?post=26840"},{"taxonomy":"product_tag","embeddable":true,"href":"https:\/\/www.clinica-sante.com\/ro\/wp-json\/wp\/v2\/product_tag?post=26840"}],"curies":[{"name":"wp","href":"https:\/\/api.w.org\/{rel}","templated":true}]}}