{"id":26837,"date":"2025-06-24T15:26:21","date_gmt":"2025-06-24T12:26:21","guid":{"rendered":"https:\/\/www.clinica-sante.com\/ro\/analize-fara-categorie\/fosfataza-alcalina\/"},"modified":"2026-01-05T19:02:48","modified_gmt":"2026-01-05T17:02:48","slug":"fosfataza-alcalina","status":"publish","type":"product","link":"https:\/\/www.clinica-sante.com\/ro\/analize-biochimie\/fosfataza-alcalina\/","title":{"rendered":"Fosfataza alcalina"},"content":{"rendered":"","protected":false},"excerpt":{"rendered":"<p>Fosfataza alcalin\u0103 este o enzim\u0103 prezent\u0103 la nivelul ficatului, c\u0103ilor biliare \u0219i oaselor. Analiza este util\u0103 \u00een evaluarea afec\u021biunilor hepatice, colestatice \u0219i patologiilor osoase, valorile crescute fiind \u00eent\u00e2lnite \u00een hepatite, obstruc\u021bii biliare sau boala Paget.<\/p>\n","protected":false},"featured_media":0,"template":"","meta":{"_acf_changed":false,"inline_featured_image":false},"product_brand":[],"product_cat":[1209,3169,2876],"product_tag":[],"class_list":{"0":"post-26837","1":"product","2":"type-product","3":"status-publish","5":"product_cat-analize","6":"product_cat-biochimie","7":"product_cat-serviciu-laborator","8":"pa_conditii-medicale-afecti-boala-steatozica-hepatica","9":"pa_conditii-medicale-afecti-colangita-biliara-primitiva","10":"pa_conditii-medicale-afecti-colecistita","11":"pa_conditii-medicale-afecti-insuficienta-hepatica-ciroza-hepatica","12":"pa_conditii-medicale-afecti-litiaza-biliara-icter","13":"pa_conditii-medicale-afecti-osteoporoza-si-alte-tulburari-ale-metabolismului-osos","14":"pa_conditii-medicale-afecti-testarea-functiei-hepato-biliare","15":"pa_parti-ale-corpului-organ-ficat-si-colecist","16":"pa_parti-ale-corpului-siste-sistem-digestiv","18":"first","19":"instock","20":"sale","21":"virtual","22":"purchasable","23":"product-type-simple"},"acf":[],"aioseo_notices":[],"_links":{"self":[{"href":"https:\/\/www.clinica-sante.com\/ro\/wp-json\/wp\/v2\/product\/26837","targetHints":{"allow":["GET"]}}],"collection":[{"href":"https:\/\/www.clinica-sante.com\/ro\/wp-json\/wp\/v2\/product"}],"about":[{"href":"https:\/\/www.clinica-sante.com\/ro\/wp-json\/wp\/v2\/types\/product"}],"wp:attachment":[{"href":"https:\/\/www.clinica-sante.com\/ro\/wp-json\/wp\/v2\/media?parent=26837"}],"wp:term":[{"taxonomy":"product_brand","embeddable":true,"href":"https:\/\/www.clinica-sante.com\/ro\/wp-json\/wp\/v2\/product_brand?post=26837"},{"taxonomy":"product_cat","embeddable":true,"href":"https:\/\/www.clinica-sante.com\/ro\/wp-json\/wp\/v2\/product_cat?post=26837"},{"taxonomy":"product_tag","embeddable":true,"href":"https:\/\/www.clinica-sante.com\/ro\/wp-json\/wp\/v2\/product_tag?post=26837"}],"curies":[{"name":"wp","href":"https:\/\/api.w.org\/{rel}","templated":true}]}}