{"id":26830,"date":"2025-06-24T15:25:53","date_gmt":"2025-06-24T12:25:53","guid":{"rendered":"https:\/\/www.clinica-sante.com\/ro\/analize-fara-categorie\/bilirubina-totala\/"},"modified":"2026-01-05T19:02:31","modified_gmt":"2026-01-05T17:02:31","slug":"bilirubina-totala","status":"publish","type":"product","link":"https:\/\/www.clinica-sante.com\/ro\/analize-biochimie\/bilirubina-totala\/","title":{"rendered":"Bilirubina totala"},"content":{"rendered":"","protected":false},"excerpt":{"rendered":"<p>Bilirubina total\u0103 reflect\u0103 nivelul total al bilirubinei din s\u00e2nge, un pigment rezultat din degradarea eritrocitelor \u0219i procesat de ficat. Testul aduce informa\u021bii valoroase despre func\u021bia hepatic\u0103 \u0219i este esen\u021bial \u00een evaluarea icterului \u0219i diagnosticul afec\u021biunilor hepatice, obstruc\u021biilor biliare sau anemiilor hemolitice.<\/p>\n","protected":false},"featured_media":0,"template":"","meta":{"_acf_changed":false,"inline_featured_image":false},"product_brand":[],"product_cat":[1209,3169,2876],"product_tag":[],"class_list":{"0":"post-26830","1":"product","2":"type-product","3":"status-publish","5":"product_cat-analize","6":"product_cat-biochimie","7":"product_cat-serviciu-laborator","8":"pa_conditii-medicale-afecti-anemie-hemolitica","9":"pa_conditii-medicale-afecti-boala-steatozica-hepatica","10":"pa_conditii-medicale-afecti-colangita-biliara-primitiva","11":"pa_conditii-medicale-afecti-colecistita","12":"pa_conditii-medicale-afecti-epilepsie","13":"pa_conditii-medicale-afecti-insuficienta-hepatica-ciroza-hepatica","14":"pa_conditii-medicale-afecti-litiaza-biliara-icter","15":"pa_conditii-medicale-afecti-testarea-functiei-hepato-biliare","16":"pa_parti-ale-corpului-organ-ficat-si-colecist","17":"pa_parti-ale-corpului-siste-sistem-digestiv","19":"first","20":"instock","21":"sale","22":"virtual","23":"purchasable","24":"product-type-simple"},"acf":[],"aioseo_notices":[],"_links":{"self":[{"href":"https:\/\/www.clinica-sante.com\/ro\/wp-json\/wp\/v2\/product\/26830","targetHints":{"allow":["GET"]}}],"collection":[{"href":"https:\/\/www.clinica-sante.com\/ro\/wp-json\/wp\/v2\/product"}],"about":[{"href":"https:\/\/www.clinica-sante.com\/ro\/wp-json\/wp\/v2\/types\/product"}],"wp:attachment":[{"href":"https:\/\/www.clinica-sante.com\/ro\/wp-json\/wp\/v2\/media?parent=26830"}],"wp:term":[{"taxonomy":"product_brand","embeddable":true,"href":"https:\/\/www.clinica-sante.com\/ro\/wp-json\/wp\/v2\/product_brand?post=26830"},{"taxonomy":"product_cat","embeddable":true,"href":"https:\/\/www.clinica-sante.com\/ro\/wp-json\/wp\/v2\/product_cat?post=26830"},{"taxonomy":"product_tag","embeddable":true,"href":"https:\/\/www.clinica-sante.com\/ro\/wp-json\/wp\/v2\/product_tag?post=26830"}],"curies":[{"name":"wp","href":"https:\/\/api.w.org\/{rel}","templated":true}]}}