{"id":26820,"date":"2025-06-24T15:25:16","date_gmt":"2025-06-24T12:25:16","guid":{"rendered":"https:\/\/www.clinica-sante.com\/ro\/analize-fara-categorie\/examen-sumar-urinasediment\/"},"modified":"2026-01-05T19:02:12","modified_gmt":"2026-01-05T17:02:12","slug":"examen-sumar-urinasediment","status":"publish","type":"product","link":"https:\/\/www.clinica-sante.com\/ro\/analize-biochimie\/examen-sumar-urinasediment\/","title":{"rendered":"Examen sumar urina+sediment"},"content":{"rendered":"","protected":false},"excerpt":{"rendered":"<p>Examenul sumar de urin\u0103 cu sediment este o analiz\u0103 de rutin\u0103, care ofer\u0103 informa\u021bii valoroase despre func\u021bia renal\u0103 \u0219i s\u0103n\u0103tatea tractului urinar. Testul este simplu \u0219i rapid \u0219i poate semnala infec\u021bii urinare, afec\u021biuni renale, diabet zaharat \u0219i alte boli metabolice.<\/p>\n","protected":false},"featured_media":0,"template":"","meta":{"_acf_changed":false,"inline_featured_image":false},"product_brand":[],"product_cat":[1209,3169,2876],"product_tag":[],"class_list":{"0":"post-26820","1":"product","2":"type-product","3":"status-publish","5":"product_cat-analize","6":"product_cat-biochimie","7":"product_cat-serviciu-laborator","8":"pa_conditii-medicale-afecti-afectiuni-inflamatorii-infectioase-prostatita-abces-prostatic","9":"pa_conditii-medicale-afecti-glomerulonefrite","10":"pa_conditii-medicale-afecti-infectii-pielonefrita","11":"pa_conditii-medicale-afecti-litiaza-renala","12":"pa_conditii-medicale-afecti-orhiepididimita","13":"pa_conditii-medicale-afecti-testarea-functiei-renale-boala-cronica-de-rinichi-2","15":"first","16":"instock","17":"sale","18":"virtual","19":"purchasable","20":"product-type-simple"},"acf":[],"aioseo_notices":[],"_links":{"self":[{"href":"https:\/\/www.clinica-sante.com\/ro\/wp-json\/wp\/v2\/product\/26820","targetHints":{"allow":["GET"]}}],"collection":[{"href":"https:\/\/www.clinica-sante.com\/ro\/wp-json\/wp\/v2\/product"}],"about":[{"href":"https:\/\/www.clinica-sante.com\/ro\/wp-json\/wp\/v2\/types\/product"}],"wp:attachment":[{"href":"https:\/\/www.clinica-sante.com\/ro\/wp-json\/wp\/v2\/media?parent=26820"}],"wp:term":[{"taxonomy":"product_brand","embeddable":true,"href":"https:\/\/www.clinica-sante.com\/ro\/wp-json\/wp\/v2\/product_brand?post=26820"},{"taxonomy":"product_cat","embeddable":true,"href":"https:\/\/www.clinica-sante.com\/ro\/wp-json\/wp\/v2\/product_cat?post=26820"},{"taxonomy":"product_tag","embeddable":true,"href":"https:\/\/www.clinica-sante.com\/ro\/wp-json\/wp\/v2\/product_tag?post=26820"}],"curies":[{"name":"wp","href":"https:\/\/api.w.org\/{rel}","templated":true}]}}