{"id":26814,"date":"2025-06-24T15:24:53","date_gmt":"2025-06-24T12:24:53","guid":{"rendered":"https:\/\/www.clinica-sante.com\/ro\/analize-fara-categorie\/pgx-testare-farmacogenetica-extinsa-sonogen\/"},"modified":"2026-02-27T17:53:53","modified_gmt":"2026-02-27T15:53:53","slug":"pgx-testare-farmacogenetica-extinsa-sonogen","status":"publish","type":"product","link":"https:\/\/www.clinica-sante.com\/ro\/analize-farmacogenetica-si-farmacogenomica\/pgx-testare-farmacogenetica-extinsa-sonogen\/","title":{"rendered":"PGx -Testare farmacogenetica extinsa SONOGEN"},"content":{"rendered":"","protected":false},"excerpt":{"rendered":"<p>Test genetic care analizeaz\u0103 multiple variante genetice ce influen\u021beaz\u0103 modul \u00een care organismul metabolizeaz\u0103 \u0219i r\u0103spunde la medicamente. Rezultatele ajut\u0103 medicul s\u0103 personalizeze tratamentul, ajust\u00e2nd dozele \u0219i aleg\u00e2nd medicamentele potrivite pentru a cre\u0219te eficien\u021ba \u0219i a reduce efectele adverse.<\/p>\n","protected":false},"featured_media":0,"template":"","meta":{"_acf_changed":false,"inline_featured_image":false},"product_brand":[],"product_cat":[1209,3226,2876],"product_tag":[],"class_list":{"0":"post-26814","1":"product","2":"type-product","3":"status-publish","5":"product_cat-analize","6":"product_cat-farmacogenetica-si-farmacogenomica","7":"product_cat-serviciu-laborator","8":"pa_genetica-atribut-genetica-preventiva","10":"first","11":"instock","12":"sale","13":"virtual","14":"purchasable","15":"product-type-simple"},"acf":[],"aioseo_notices":[],"_links":{"self":[{"href":"https:\/\/www.clinica-sante.com\/ro\/wp-json\/wp\/v2\/product\/26814","targetHints":{"allow":["GET"]}}],"collection":[{"href":"https:\/\/www.clinica-sante.com\/ro\/wp-json\/wp\/v2\/product"}],"about":[{"href":"https:\/\/www.clinica-sante.com\/ro\/wp-json\/wp\/v2\/types\/product"}],"wp:attachment":[{"href":"https:\/\/www.clinica-sante.com\/ro\/wp-json\/wp\/v2\/media?parent=26814"}],"wp:term":[{"taxonomy":"product_brand","embeddable":true,"href":"https:\/\/www.clinica-sante.com\/ro\/wp-json\/wp\/v2\/product_brand?post=26814"},{"taxonomy":"product_cat","embeddable":true,"href":"https:\/\/www.clinica-sante.com\/ro\/wp-json\/wp\/v2\/product_cat?post=26814"},{"taxonomy":"product_tag","embeddable":true,"href":"https:\/\/www.clinica-sante.com\/ro\/wp-json\/wp\/v2\/product_tag?post=26814"}],"curies":[{"name":"wp","href":"https:\/\/api.w.org\/{rel}","templated":true}]}}