{"id":26804,"date":"2025-06-24T15:24:16","date_gmt":"2025-06-24T12:24:16","guid":{"rendered":"https:\/\/www.clinica-sante.com\/ro\/analize-fara-categorie\/sodiu-urinar\/"},"modified":"2026-01-05T19:02:06","modified_gmt":"2026-01-05T17:02:06","slug":"sodiu-urinar","status":"publish","type":"product","link":"https:\/\/www.clinica-sante.com\/ro\/analize-biochimie\/sodiu-urinar\/","title":{"rendered":"Sodiu urinar"},"content":{"rendered":"","protected":false},"excerpt":{"rendered":"<p>Sodiul urinar m\u0103soar\u0103 cantitatea de sodiu eliminat\u0103 prin urin\u0103 \u0219i este un indicator al func\u021biei renale. Este important \u00een investigarea tulbur\u0103rilor hidroelectrolitice, insuficien\u021bei renale, afec\u021biunilor suprarenaliene \u0219i monitorizarea tratamentului cu diuretice.<\/p>\n","protected":false},"featured_media":0,"template":"","meta":{"_acf_changed":false,"inline_featured_image":false},"product_brand":[],"product_cat":[1209,3169,2876],"product_tag":[],"class_list":{"0":"post-26804","1":"product","2":"type-product","3":"status-publish","5":"product_cat-analize","6":"product_cat-biochimie","7":"product_cat-serviciu-laborator","9":"first","10":"instock","11":"sale","12":"virtual","13":"purchasable","14":"product-type-simple"},"acf":[],"aioseo_notices":[],"_links":{"self":[{"href":"https:\/\/www.clinica-sante.com\/ro\/wp-json\/wp\/v2\/product\/26804","targetHints":{"allow":["GET"]}}],"collection":[{"href":"https:\/\/www.clinica-sante.com\/ro\/wp-json\/wp\/v2\/product"}],"about":[{"href":"https:\/\/www.clinica-sante.com\/ro\/wp-json\/wp\/v2\/types\/product"}],"wp:attachment":[{"href":"https:\/\/www.clinica-sante.com\/ro\/wp-json\/wp\/v2\/media?parent=26804"}],"wp:term":[{"taxonomy":"product_brand","embeddable":true,"href":"https:\/\/www.clinica-sante.com\/ro\/wp-json\/wp\/v2\/product_brand?post=26804"},{"taxonomy":"product_cat","embeddable":true,"href":"https:\/\/www.clinica-sante.com\/ro\/wp-json\/wp\/v2\/product_cat?post=26804"},{"taxonomy":"product_tag","embeddable":true,"href":"https:\/\/www.clinica-sante.com\/ro\/wp-json\/wp\/v2\/product_tag?post=26804"}],"curies":[{"name":"wp","href":"https:\/\/api.w.org\/{rel}","templated":true}]}}