{"id":26802,"date":"2025-06-24T15:24:08","date_gmt":"2025-06-24T12:24:08","guid":{"rendered":"https:\/\/www.clinica-sante.com\/ro\/analize-fara-categorie\/timp-quick-activitatea-de-protrombina-inr\/"},"modified":"2026-01-05T19:02:03","modified_gmt":"2026-01-05T17:02:03","slug":"timp-quick-activitatea-de-protrombina-inr","status":"publish","type":"product","link":"https:\/\/www.clinica-sante.com\/ro\/analize-coagulare-si-hemostaza\/timp-quick-activitatea-de-protrombina-inr\/","title":{"rendered":"Timp Quick, Activitatea de protrombina, INR"},"content":{"rendered":"","protected":false},"excerpt":{"rendered":"<p>Aceste analize sunt complementare \u0219i evalueaz\u0103 procesul de coagularea a s\u00e2ngelui. Determinarea este important\u0103 pentru evaluarea riscului hemoragic \u0219i diagnosticul \u0219i urm\u0103rirea tulbur\u0103rilor de coagulare sau afec\u021biunilor hepatice. De asemenea, sunt esen\u021biale pentru monitorizarea tratamentului anticoagulant \u0219i ajustarea optim\u0103 a dozelor.<\/p>\n","protected":false},"featured_media":0,"template":"","meta":{"_acf_changed":false,"inline_featured_image":false},"product_brand":[],"product_cat":[1209,3171,2876],"product_tag":[],"class_list":{"0":"post-26802","1":"product","2":"type-product","3":"status-publish","5":"product_cat-analize","6":"product_cat-coagulare-si-hemostaza","7":"product_cat-serviciu-laborator","8":"pa_conditii-medicale-afecti-aritmii-cardiace","9":"pa_conditii-medicale-afecti-boala-vasculara-periferica-venoasa-arteriala","10":"pa_conditii-medicale-afecti-colangita-biliara-primitiva","11":"pa_conditii-medicale-afecti-insuficienta-hepatica-ciroza-hepatica","12":"pa_conditii-medicale-afecti-istoric-de-accident-vascular-cerebral-avc","13":"pa_conditii-medicale-afecti-testarea-functiei-hepato-biliare","14":"pa_conditii-medicale-afecti-tulburari-de-coagulare-trombofilie-hemofilie","15":"pa_parti-ale-corpului-organ-ficat-si-colecist","16":"pa_parti-ale-corpului-siste-sistem-digestiv","18":"first","19":"instock","20":"sale","21":"virtual","22":"purchasable","23":"product-type-simple"},"acf":[],"aioseo_notices":[],"_links":{"self":[{"href":"https:\/\/www.clinica-sante.com\/ro\/wp-json\/wp\/v2\/product\/26802","targetHints":{"allow":["GET"]}}],"collection":[{"href":"https:\/\/www.clinica-sante.com\/ro\/wp-json\/wp\/v2\/product"}],"about":[{"href":"https:\/\/www.clinica-sante.com\/ro\/wp-json\/wp\/v2\/types\/product"}],"wp:attachment":[{"href":"https:\/\/www.clinica-sante.com\/ro\/wp-json\/wp\/v2\/media?parent=26802"}],"wp:term":[{"taxonomy":"product_brand","embeddable":true,"href":"https:\/\/www.clinica-sante.com\/ro\/wp-json\/wp\/v2\/product_brand?post=26802"},{"taxonomy":"product_cat","embeddable":true,"href":"https:\/\/www.clinica-sante.com\/ro\/wp-json\/wp\/v2\/product_cat?post=26802"},{"taxonomy":"product_tag","embeddable":true,"href":"https:\/\/www.clinica-sante.com\/ro\/wp-json\/wp\/v2\/product_tag?post=26802"}],"curies":[{"name":"wp","href":"https:\/\/api.w.org\/{rel}","templated":true}]}}