{"id":26796,"date":"2025-06-24T14:23:44","date_gmt":"2025-06-24T12:23:44","guid":{"rendered":"https:\/\/www.clinica-sante.com\/ro\/analize-fara-categorie\/ige-specific-la-iarba-campului-polen-g9\/"},"modified":"2026-01-03T17:14:12","modified_gmt":"2026-01-03T15:14:12","slug":"ige-specific-la-iarba-campului-polen-g9","status":"publish","type":"product","link":"https:\/\/www.clinica-sante.com\/ro\/analize-alergologie\/ige-specific-la-iarba-campului-polen-g9\/","title":{"rendered":"IgE specific la iarba campului (polen) (g9)"},"content":{"rendered":"","protected":false},"excerpt":{"rendered":"<p>Testul detecteaz\u0103 sensibilizarea la polenul ierbii de c\u00e2mp (graminee spontane), indicat \u00een cazuri de rinit\u0103 \u0219i astm bron\u0219ic sezonier ap\u0103rute prim\u0103vara \u0219i vara.<\/p>\n","protected":false},"featured_media":0,"template":"","meta":{"_acf_changed":false,"inline_featured_image":false},"product_brand":[],"product_cat":[3151,1209,2876],"product_tag":[],"class_list":{"0":"post-26796","1":"product","2":"type-product","3":"status-publish","5":"product_cat-alergologie","6":"product_cat-analize","7":"product_cat-serviciu-laborator","8":"pa_conditii-medicale-afecti-alergii-respiratorii","9":"pa_parti-ale-corpului-organ-plamani","10":"pa_parti-ale-corpului-siste-sistem-respirator","12":"first","13":"instock","14":"sale","15":"virtual","16":"purchasable","17":"product-type-simple"},"acf":[],"aioseo_notices":[],"_links":{"self":[{"href":"https:\/\/www.clinica-sante.com\/ro\/wp-json\/wp\/v2\/product\/26796","targetHints":{"allow":["GET"]}}],"collection":[{"href":"https:\/\/www.clinica-sante.com\/ro\/wp-json\/wp\/v2\/product"}],"about":[{"href":"https:\/\/www.clinica-sante.com\/ro\/wp-json\/wp\/v2\/types\/product"}],"wp:attachment":[{"href":"https:\/\/www.clinica-sante.com\/ro\/wp-json\/wp\/v2\/media?parent=26796"}],"wp:term":[{"taxonomy":"product_brand","embeddable":true,"href":"https:\/\/www.clinica-sante.com\/ro\/wp-json\/wp\/v2\/product_brand?post=26796"},{"taxonomy":"product_cat","embeddable":true,"href":"https:\/\/www.clinica-sante.com\/ro\/wp-json\/wp\/v2\/product_cat?post=26796"},{"taxonomy":"product_tag","embeddable":true,"href":"https:\/\/www.clinica-sante.com\/ro\/wp-json\/wp\/v2\/product_tag?post=26796"}],"curies":[{"name":"wp","href":"https:\/\/api.w.org\/{rel}","templated":true}]}}