{"id":26790,"date":"2025-06-24T14:23:21","date_gmt":"2025-06-24T12:23:21","guid":{"rendered":"https:\/\/www.clinica-sante.com\/ro\/analize-fara-categorie\/genotipare-dihidropirimidin-dehidrogenazadpd\/"},"modified":"2026-02-27T17:53:31","modified_gmt":"2026-02-27T15:53:31","slug":"genotipare-dihidropirimidin-dehidrogenazadpd","status":"publish","type":"product","link":"https:\/\/www.clinica-sante.com\/ro\/analize-farmacogenetica-si-farmacogenomica\/genotipare-dihidropirimidin-dehidrogenazadpd\/","title":{"rendered":"Genotipare dihidropirimidin dehidrogenaza (DPD, toxicitate 5-FU)"},"content":{"rendered":"","protected":false},"excerpt":{"rendered":"<p>Test genetic care analizeaz\u0103 gena DPD, responsabil\u0103 de metabolizarea unor medicamente citostatice precum 5-fluorouracilul. Este recomandat \u00eenainte de ini\u021bierea tratamentului oncologic, pentru a identifica riscul de reac\u021bii adverse severe \u0219i a adapta schema terapeutic\u0103 \u00een mod corespunz\u0103tor.<\/p>\n","protected":false},"featured_media":0,"template":"","meta":{"_acf_changed":false,"inline_featured_image":false},"product_brand":[],"product_cat":[1209,3226,2876],"product_tag":[],"class_list":{"0":"post-26790","1":"product","2":"type-product","3":"status-publish","5":"product_cat-analize","6":"product_cat-farmacogenetica-si-farmacogenomica","7":"product_cat-serviciu-laborator","9":"first","10":"instock","11":"sale","12":"virtual","13":"purchasable","14":"product-type-simple"},"acf":[],"aioseo_notices":[],"_links":{"self":[{"href":"https:\/\/www.clinica-sante.com\/ro\/wp-json\/wp\/v2\/product\/26790","targetHints":{"allow":["GET"]}}],"collection":[{"href":"https:\/\/www.clinica-sante.com\/ro\/wp-json\/wp\/v2\/product"}],"about":[{"href":"https:\/\/www.clinica-sante.com\/ro\/wp-json\/wp\/v2\/types\/product"}],"wp:attachment":[{"href":"https:\/\/www.clinica-sante.com\/ro\/wp-json\/wp\/v2\/media?parent=26790"}],"wp:term":[{"taxonomy":"product_brand","embeddable":true,"href":"https:\/\/www.clinica-sante.com\/ro\/wp-json\/wp\/v2\/product_brand?post=26790"},{"taxonomy":"product_cat","embeddable":true,"href":"https:\/\/www.clinica-sante.com\/ro\/wp-json\/wp\/v2\/product_cat?post=26790"},{"taxonomy":"product_tag","embeddable":true,"href":"https:\/\/www.clinica-sante.com\/ro\/wp-json\/wp\/v2\/product_tag?post=26790"}],"curies":[{"name":"wp","href":"https:\/\/api.w.org\/{rel}","templated":true}]}}