{"id":26786,"date":"2025-06-24T15:23:04","date_gmt":"2025-06-24T12:23:04","guid":{"rendered":"https:\/\/www.clinica-sante.com\/ro\/analize-fara-categorie\/amilaza-pancreatica\/"},"modified":"2026-01-05T19:01:46","modified_gmt":"2026-01-05T17:01:46","slug":"amilaza-pancreatica","status":"publish","type":"product","link":"https:\/\/www.clinica-sante.com\/ro\/analize-biochimie\/amilaza-pancreatica\/","title":{"rendered":"Amilaza pancreatica"},"content":{"rendered":"","protected":false},"excerpt":{"rendered":"<p>Analiza m\u0103soar\u0103 nivelul seric al amilazei secretate de pancreas, enzim\u0103 implicat\u0103 \u00een digestia carbohidra\u021bilor. Testul este util \u00een diagnosticarea pancreatitei acute, a leziunilor pancreatice \u0219i \u00een evaluarea durerilor abdominale acute.<\/p>\n","protected":false},"featured_media":0,"template":"","meta":{"_acf_changed":false,"inline_featured_image":false},"product_brand":[],"product_cat":[1209,3169,2876],"product_tag":[],"class_list":{"0":"post-26786","1":"product","2":"type-product","3":"status-publish","5":"product_cat-analize","6":"product_cat-biochimie","7":"product_cat-serviciu-laborator","8":"pa_conditii-medicale-afecti-insuficienta-pancreatica","9":"pa_conditii-medicale-afecti-pancreatita-afectiuni-inflamatorii","10":"pa_parti-ale-corpului-organ-pancreas","11":"pa_parti-ale-corpului-siste-sistem-digestiv","13":"first","14":"instock","15":"sale","16":"virtual","17":"purchasable","18":"product-type-simple"},"acf":[],"aioseo_notices":[],"_links":{"self":[{"href":"https:\/\/www.clinica-sante.com\/ro\/wp-json\/wp\/v2\/product\/26786","targetHints":{"allow":["GET"]}}],"collection":[{"href":"https:\/\/www.clinica-sante.com\/ro\/wp-json\/wp\/v2\/product"}],"about":[{"href":"https:\/\/www.clinica-sante.com\/ro\/wp-json\/wp\/v2\/types\/product"}],"wp:attachment":[{"href":"https:\/\/www.clinica-sante.com\/ro\/wp-json\/wp\/v2\/media?parent=26786"}],"wp:term":[{"taxonomy":"product_brand","embeddable":true,"href":"https:\/\/www.clinica-sante.com\/ro\/wp-json\/wp\/v2\/product_brand?post=26786"},{"taxonomy":"product_cat","embeddable":true,"href":"https:\/\/www.clinica-sante.com\/ro\/wp-json\/wp\/v2\/product_cat?post=26786"},{"taxonomy":"product_tag","embeddable":true,"href":"https:\/\/www.clinica-sante.com\/ro\/wp-json\/wp\/v2\/product_tag?post=26786"}],"curies":[{"name":"wp","href":"https:\/\/api.w.org\/{rel}","templated":true}]}}