{"id":26743,"date":"2025-06-24T15:20:23","date_gmt":"2025-06-24T12:20:23","guid":{"rendered":"https:\/\/www.clinica-sante.com\/ro\/analize-fara-categorie\/ige-specific-la-dermatophagoides-farinae-d2\/"},"modified":"2026-01-05T19:01:00","modified_gmt":"2026-01-05T17:01:00","slug":"ige-specific-la-dermatophagoides-farinae-d2","status":"publish","type":"product","link":"https:\/\/www.clinica-sante.com\/ro\/analize-alergologie\/ige-specific-la-dermatophagoides-farinae-d2\/","title":{"rendered":"IgE specific la Dermatophagoides farinae (d2)"},"content":{"rendered":"","protected":false},"excerpt":{"rendered":"<p>Aceast\u0103 analiz\u0103 detecteaz\u0103 anticorpii IgE specifici, produ\u0219i ca r\u0103spuns la acarienii de praf Dermatophagoides farinae. Este un alergen frecvent implicat \u00een astmul alergic, rinite sau dermatite atopice. Un rezultat pozitiv sus\u021bine diagnosticul de alergie \u0219i orienteaz\u0103 tratamentul.<\/p>\n","protected":false},"featured_media":0,"template":"","meta":{"_acf_changed":false,"inline_featured_image":false},"product_brand":[],"product_cat":[3151,1209,2876],"product_tag":[],"class_list":{"0":"post-26743","1":"product","2":"type-product","3":"status-publish","5":"product_cat-alergologie","6":"product_cat-analize","7":"product_cat-serviciu-laborator","9":"first","10":"instock","11":"sale","12":"virtual","13":"purchasable","14":"product-type-simple"},"acf":[],"aioseo_notices":[],"_links":{"self":[{"href":"https:\/\/www.clinica-sante.com\/ro\/wp-json\/wp\/v2\/product\/26743","targetHints":{"allow":["GET"]}}],"collection":[{"href":"https:\/\/www.clinica-sante.com\/ro\/wp-json\/wp\/v2\/product"}],"about":[{"href":"https:\/\/www.clinica-sante.com\/ro\/wp-json\/wp\/v2\/types\/product"}],"wp:attachment":[{"href":"https:\/\/www.clinica-sante.com\/ro\/wp-json\/wp\/v2\/media?parent=26743"}],"wp:term":[{"taxonomy":"product_brand","embeddable":true,"href":"https:\/\/www.clinica-sante.com\/ro\/wp-json\/wp\/v2\/product_brand?post=26743"},{"taxonomy":"product_cat","embeddable":true,"href":"https:\/\/www.clinica-sante.com\/ro\/wp-json\/wp\/v2\/product_cat?post=26743"},{"taxonomy":"product_tag","embeddable":true,"href":"https:\/\/www.clinica-sante.com\/ro\/wp-json\/wp\/v2\/product_tag?post=26743"}],"curies":[{"name":"wp","href":"https:\/\/api.w.org\/{rel}","templated":true}]}}