{"id":26737,"date":"2025-06-24T14:20:02","date_gmt":"2025-06-24T12:20:02","guid":{"rendered":"https:\/\/www.clinica-sante.com\/ro\/analize-fara-categorie\/candida-antigen-manan-ser\/"},"modified":"2026-01-03T17:11:11","modified_gmt":"2026-01-03T15:11:11","slug":"candida-antigen-manan-ser","status":"publish","type":"product","link":"https:\/\/www.clinica-sante.com\/ro\/analize-boli-infectioase\/candida-antigen-manan-ser\/","title":{"rendered":"Candida (antigen manan, ser)"},"content":{"rendered":"","protected":false},"excerpt":{"rendered":"<p>Analiza detecteaz\u0103 antigenul manan, component\u0103 structural\u0103 a peretelui celular al ciupercii Candida. Este util\u0103 \u00een diagnosticarea infec\u021biilor sistemice fungice, \u00een special la pacien\u021bi imunodeprima\u021bi sau cu semne de infec\u021bie invaziv\u0103.<\/p>\n","protected":false},"featured_media":0,"template":"","meta":{"_acf_changed":false,"inline_featured_image":false},"product_brand":[],"product_cat":[1209,3179,2876],"product_tag":[],"class_list":{"0":"post-26737","1":"product","2":"type-product","3":"status-publish","5":"product_cat-analize","6":"product_cat-boli-infectioase","7":"product_cat-serviciu-laborator","9":"first","10":"instock","11":"sale","12":"virtual","13":"purchasable","14":"product-type-simple"},"acf":[],"aioseo_notices":[],"_links":{"self":[{"href":"https:\/\/www.clinica-sante.com\/ro\/wp-json\/wp\/v2\/product\/26737","targetHints":{"allow":["GET"]}}],"collection":[{"href":"https:\/\/www.clinica-sante.com\/ro\/wp-json\/wp\/v2\/product"}],"about":[{"href":"https:\/\/www.clinica-sante.com\/ro\/wp-json\/wp\/v2\/types\/product"}],"wp:attachment":[{"href":"https:\/\/www.clinica-sante.com\/ro\/wp-json\/wp\/v2\/media?parent=26737"}],"wp:term":[{"taxonomy":"product_brand","embeddable":true,"href":"https:\/\/www.clinica-sante.com\/ro\/wp-json\/wp\/v2\/product_brand?post=26737"},{"taxonomy":"product_cat","embeddable":true,"href":"https:\/\/www.clinica-sante.com\/ro\/wp-json\/wp\/v2\/product_cat?post=26737"},{"taxonomy":"product_tag","embeddable":true,"href":"https:\/\/www.clinica-sante.com\/ro\/wp-json\/wp\/v2\/product_tag?post=26737"}],"curies":[{"name":"wp","href":"https:\/\/api.w.org\/{rel}","templated":true}]}}