{"id":26723,"date":"2025-06-24T15:19:11","date_gmt":"2025-06-24T12:19:11","guid":{"rendered":"https:\/\/www.clinica-sante.com\/ro\/analize-fara-categorie\/potasiu-seric\/"},"modified":"2026-01-05T19:00:44","modified_gmt":"2026-01-05T17:00:44","slug":"potasiu-seric","status":"publish","type":"product","link":"https:\/\/www.clinica-sante.com\/ro\/analize-biochimie\/potasiu-seric\/","title":{"rendered":"Potasiu seric"},"content":{"rendered":"","protected":false},"excerpt":{"rendered":"<p>Potasiul seric m\u0103soar\u0103 concentra\u021bia de potasiu din s\u00e2nge, un electrolit implicat \u00een men\u021binerea echilibrului hibroelectrolitic \u0219i acido-bazic, contrac\u021bia muscular\u0103 \u0219i reglarea ritmului cardiac. Este o analiz\u0103 de rutin\u0103, valorile modificate put\u00e2nd semnala dezechilibre metabolice, probleme renale sau endocrine, precum \u0219i efecte secundare ale unor tratamente.<\/p>\n","protected":false},"featured_media":0,"template":"","meta":{"_acf_changed":false,"inline_featured_image":false},"product_brand":[],"product_cat":[1209,3169,2876],"product_tag":[],"class_list":{"0":"post-26723","1":"product","2":"type-product","3":"status-publish","5":"product_cat-analize","6":"product_cat-biochimie","7":"product_cat-serviciu-laborator","8":"pa_conditii-medicale-afecti-aritmii-cardiace","9":"pa_conditii-medicale-afecti-boala-coronariana-cardiopatie-ischemica-angina-infarct","10":"pa_conditii-medicale-afecti-epilepsie","11":"pa_conditii-medicale-afecti-hipertensiune-arteriala-esentiala","12":"pa_conditii-medicale-afecti-hipertensiune-arteriala-secundara","13":"pa_conditii-medicale-afecti-miopatii-endocrine","14":"pa_conditii-medicale-afecti-testarea-functiei-renale-boala-cronica-de-rinichi-2","16":"first","17":"instock","18":"sale","19":"virtual","20":"purchasable","21":"product-type-simple"},"acf":[],"aioseo_notices":[],"_links":{"self":[{"href":"https:\/\/www.clinica-sante.com\/ro\/wp-json\/wp\/v2\/product\/26723","targetHints":{"allow":["GET"]}}],"collection":[{"href":"https:\/\/www.clinica-sante.com\/ro\/wp-json\/wp\/v2\/product"}],"about":[{"href":"https:\/\/www.clinica-sante.com\/ro\/wp-json\/wp\/v2\/types\/product"}],"wp:attachment":[{"href":"https:\/\/www.clinica-sante.com\/ro\/wp-json\/wp\/v2\/media?parent=26723"}],"wp:term":[{"taxonomy":"product_brand","embeddable":true,"href":"https:\/\/www.clinica-sante.com\/ro\/wp-json\/wp\/v2\/product_brand?post=26723"},{"taxonomy":"product_cat","embeddable":true,"href":"https:\/\/www.clinica-sante.com\/ro\/wp-json\/wp\/v2\/product_cat?post=26723"},{"taxonomy":"product_tag","embeddable":true,"href":"https:\/\/www.clinica-sante.com\/ro\/wp-json\/wp\/v2\/product_tag?post=26723"}],"curies":[{"name":"wp","href":"https:\/\/api.w.org\/{rel}","templated":true}]}}