{"id":26721,"date":"2025-06-24T15:19:03","date_gmt":"2025-06-24T12:19:03","guid":{"rendered":"https:\/\/www.clinica-sante.com\/ro\/analize-fara-categorie\/hemoragii-oculte-in-materiile-fecale\/"},"modified":"2026-01-05T19:00:37","modified_gmt":"2026-01-05T17:00:37","slug":"hemoragii-oculte-in-materiile-fecale","status":"publish","type":"product","link":"https:\/\/www.clinica-sante.com\/ro\/analize-coprologie-si-screening-digestiv\/hemoragii-oculte-in-materiile-fecale\/","title":{"rendered":"Hemoragii oculte in materiile fecale"},"content":{"rendered":"","protected":false},"excerpt":{"rendered":"<p>Testul detecteaz\u0103 prezen\u021ba s\u00e2ngelui \u00een materiile fecale \u0219i este utilizat ca metod\u0103 de screening pentru s\u00e2nger\u0103rile tractului gastrointestinal. Un test pozitiv poate indica polipi sau cancer colorectal \u0219i necesit\u0103 investiga\u021bii suplimentare pentru identificarea cauzei s\u00e2nger\u0103rii. Testarea anual\u0103 este recomandat\u0103 dup\u0103 v\u00e2rsta de 50 de ani.<\/p>\n","protected":false},"featured_media":0,"template":"","meta":{"_acf_changed":false,"inline_featured_image":false},"product_brand":[],"product_cat":[1209,3791,2876],"product_tag":[],"class_list":{"0":"post-26721","1":"product","2":"type-product","3":"status-publish","5":"product_cat-analize","6":"product_cat-coprologie-si-screening-digestiv","7":"product_cat-serviciu-laborator","8":"pa_conditii-medicale-afecti-anemii-feripriva-megaloblastica","9":"pa_conditii-medicale-afecti-boli-inflamatorii-intestinale-rectocolita-ulcerohemoragica-boala-crohn","10":"pa_conditii-medicale-afecti-cancer-colorectal","11":"pa_conditii-medicale-afecti-gastrite-infectioase-autoimuna-ulcer","12":"pa_conditii-medicale-afecti-hemoragie-gastrointestinala","13":"pa_conditii-medicale-afecti-tumori-gastrice","15":"first","16":"instock","17":"sale","18":"virtual","19":"purchasable","20":"product-type-simple"},"acf":[],"aioseo_notices":[],"_links":{"self":[{"href":"https:\/\/www.clinica-sante.com\/ro\/wp-json\/wp\/v2\/product\/26721","targetHints":{"allow":["GET"]}}],"collection":[{"href":"https:\/\/www.clinica-sante.com\/ro\/wp-json\/wp\/v2\/product"}],"about":[{"href":"https:\/\/www.clinica-sante.com\/ro\/wp-json\/wp\/v2\/types\/product"}],"wp:attachment":[{"href":"https:\/\/www.clinica-sante.com\/ro\/wp-json\/wp\/v2\/media?parent=26721"}],"wp:term":[{"taxonomy":"product_brand","embeddable":true,"href":"https:\/\/www.clinica-sante.com\/ro\/wp-json\/wp\/v2\/product_brand?post=26721"},{"taxonomy":"product_cat","embeddable":true,"href":"https:\/\/www.clinica-sante.com\/ro\/wp-json\/wp\/v2\/product_cat?post=26721"},{"taxonomy":"product_tag","embeddable":true,"href":"https:\/\/www.clinica-sante.com\/ro\/wp-json\/wp\/v2\/product_tag?post=26721"}],"curies":[{"name":"wp","href":"https:\/\/api.w.org\/{rel}","templated":true}]}}