{"id":26714,"date":"2025-06-24T15:18:27","date_gmt":"2025-06-24T12:18:27","guid":{"rendered":"https:\/\/www.clinica-sante.com\/ro\/analize-fara-categorie\/anti-tpo-anti-tiroidperoxidaza\/"},"modified":"2026-01-05T19:00:20","modified_gmt":"2026-01-05T17:00:20","slug":"anti-tpo-anti-tiroidperoxidaza","status":"publish","type":"product","link":"https:\/\/www.clinica-sante.com\/ro\/analize-boli-autoimune\/anti-tpo-anti-tiroidperoxidaza\/","title":{"rendered":"Anti-TPO (Anti-tiroidperoxidaza)"},"content":{"rendered":"","protected":false},"excerpt":{"rendered":"<p>Anti-TPO sunt anticorpi care vizeaz\u0103 tiroperoxidaza, o enzim\u0103 important\u0103 de la nivelul glandei tiroide. Sunt utili \u00een diagnosticul afec\u021biunilor tiroidiene autoimune, precum tiroidita Hashimoto \u0219i evaluarea pacien\u021bilor cu hipo- sau hipertiroidism.<\/p>\n","protected":false},"featured_media":0,"template":"","meta":{"_acf_changed":false,"inline_featured_image":false},"product_brand":[],"product_cat":[1209,3181,2876],"product_tag":[],"class_list":{"0":"post-26714","1":"product","2":"type-product","3":"status-publish","5":"product_cat-analize","6":"product_cat-boli-autoimune","7":"product_cat-serviciu-laborator","8":"pa_conditii-medicale-afecti-hipertiroidism","9":"pa_conditii-medicale-afecti-hipotiroidism","10":"pa_conditii-medicale-afecti-miopatii-endocrine","11":"pa_conditii-medicale-afecti-tiroidita-cronica-autoimuna","12":"pa_parti-ale-corpului-organ-glanda-tiroida","13":"pa_parti-ale-corpului-siste-sistem-endocrin","15":"first","16":"instock","17":"sale","18":"virtual","19":"purchasable","20":"product-type-simple"},"acf":[],"aioseo_notices":[],"_links":{"self":[{"href":"https:\/\/www.clinica-sante.com\/ro\/wp-json\/wp\/v2\/product\/26714","targetHints":{"allow":["GET"]}}],"collection":[{"href":"https:\/\/www.clinica-sante.com\/ro\/wp-json\/wp\/v2\/product"}],"about":[{"href":"https:\/\/www.clinica-sante.com\/ro\/wp-json\/wp\/v2\/types\/product"}],"wp:attachment":[{"href":"https:\/\/www.clinica-sante.com\/ro\/wp-json\/wp\/v2\/media?parent=26714"}],"wp:term":[{"taxonomy":"product_brand","embeddable":true,"href":"https:\/\/www.clinica-sante.com\/ro\/wp-json\/wp\/v2\/product_brand?post=26714"},{"taxonomy":"product_cat","embeddable":true,"href":"https:\/\/www.clinica-sante.com\/ro\/wp-json\/wp\/v2\/product_cat?post=26714"},{"taxonomy":"product_tag","embeddable":true,"href":"https:\/\/www.clinica-sante.com\/ro\/wp-json\/wp\/v2\/product_tag?post=26714"}],"curies":[{"name":"wp","href":"https:\/\/api.w.org\/{rel}","templated":true}]}}