{"id":26712,"date":"2025-06-24T15:18:20","date_gmt":"2025-06-24T12:18:20","guid":{"rendered":"https:\/\/www.clinica-sante.com\/ro\/analize-fara-categorie\/examen-coproparazitologic\/"},"modified":"2026-01-05T19:00:15","modified_gmt":"2026-01-05T17:00:15","slug":"examen-coproparazitologic","status":"publish","type":"product","link":"https:\/\/www.clinica-sante.com\/ro\/analize-microbiologie\/examen-coproparazitologic\/","title":{"rendered":"Examen coproparazitologic"},"content":{"rendered":"","protected":false},"excerpt":{"rendered":"<p>Examenul coproparazitologic detecteaz\u0103 prezen\u021ba parazi\u021bilor intestinali \u00een materiile fecale. Este indicat pentru identificarea infec\u021biilor parazitare \u00een caz de tulbur\u0103ri digestive persistente (diaree, dureri abdominale, balonare) sau \u00een scop de screening, \u00een special la copii \u0219i \u00een colectivit\u0103\u021bi.<\/p>\n","protected":false},"featured_media":0,"template":"","meta":{"_acf_changed":false,"inline_featured_image":false},"product_brand":[],"product_cat":[1209,3152,2876],"product_tag":[],"class_list":{"0":"post-26712","1":"product","2":"type-product","3":"status-publish","5":"product_cat-analize","6":"product_cat-microbiologie","7":"product_cat-serviciu-laborator","8":"pa_conditii-medicale-afecti-infectii-gastrointestinale-bacterii-virusuri-paraziti","10":"first","11":"instock","12":"sale","13":"virtual","14":"purchasable","15":"product-type-simple"},"acf":[],"aioseo_notices":[],"_links":{"self":[{"href":"https:\/\/www.clinica-sante.com\/ro\/wp-json\/wp\/v2\/product\/26712","targetHints":{"allow":["GET"]}}],"collection":[{"href":"https:\/\/www.clinica-sante.com\/ro\/wp-json\/wp\/v2\/product"}],"about":[{"href":"https:\/\/www.clinica-sante.com\/ro\/wp-json\/wp\/v2\/types\/product"}],"wp:attachment":[{"href":"https:\/\/www.clinica-sante.com\/ro\/wp-json\/wp\/v2\/media?parent=26712"}],"wp:term":[{"taxonomy":"product_brand","embeddable":true,"href":"https:\/\/www.clinica-sante.com\/ro\/wp-json\/wp\/v2\/product_brand?post=26712"},{"taxonomy":"product_cat","embeddable":true,"href":"https:\/\/www.clinica-sante.com\/ro\/wp-json\/wp\/v2\/product_cat?post=26712"},{"taxonomy":"product_tag","embeddable":true,"href":"https:\/\/www.clinica-sante.com\/ro\/wp-json\/wp\/v2\/product_tag?post=26712"}],"curies":[{"name":"wp","href":"https:\/\/api.w.org\/{rel}","templated":true}]}}