{"id":26706,"date":"2025-06-24T15:17:59","date_gmt":"2025-06-24T12:17:59","guid":{"rendered":"https:\/\/www.clinica-sante.com\/ro\/analize-fara-categorie\/imunoglobulina-m-igm\/"},"modified":"2026-01-05T19:00:09","modified_gmt":"2026-01-05T17:00:09","slug":"imunoglobulina-m-igm","status":"publish","type":"product","link":"https:\/\/www.clinica-sante.com\/ro\/analize-biochimie\/imunoglobulina-m-igm\/","title":{"rendered":"Imunoglobulina M (IgM)"},"content":{"rendered":"","protected":false},"excerpt":{"rendered":"<p>Imunoglobulina M (IgM) este primul tip de anticorp produs de organism ca r\u0103spuns la o infec\u021bie. Analiza este indicat\u0103 \u00een evaluarea infec\u021biilor acute, a bolilor autoimune sau a deficitelor imune. Un nivel crescut poate indica o infec\u021bie recent\u0103, iar valori sc\u0103zute sugereaz\u0103 un posibil deficit imun.<\/p>\n","protected":false},"featured_media":0,"template":"","meta":{"_acf_changed":false,"inline_featured_image":false},"product_brand":[],"product_cat":[1209,3169,2876],"product_tag":[],"class_list":{"0":"post-26706","1":"product","2":"type-product","3":"status-publish","5":"product_cat-analize","6":"product_cat-biochimie","7":"product_cat-serviciu-laborator","8":"pa_conditii-medicale-afecti-colangita-biliara-primitiva","9":"pa_parti-ale-corpului-organ-ficat-si-colecist","10":"pa_parti-ale-corpului-siste-sistem-digestiv","12":"first","13":"instock","14":"sale","15":"virtual","16":"purchasable","17":"product-type-simple"},"acf":[],"aioseo_notices":[],"_links":{"self":[{"href":"https:\/\/www.clinica-sante.com\/ro\/wp-json\/wp\/v2\/product\/26706","targetHints":{"allow":["GET"]}}],"collection":[{"href":"https:\/\/www.clinica-sante.com\/ro\/wp-json\/wp\/v2\/product"}],"about":[{"href":"https:\/\/www.clinica-sante.com\/ro\/wp-json\/wp\/v2\/types\/product"}],"wp:attachment":[{"href":"https:\/\/www.clinica-sante.com\/ro\/wp-json\/wp\/v2\/media?parent=26706"}],"wp:term":[{"taxonomy":"product_brand","embeddable":true,"href":"https:\/\/www.clinica-sante.com\/ro\/wp-json\/wp\/v2\/product_brand?post=26706"},{"taxonomy":"product_cat","embeddable":true,"href":"https:\/\/www.clinica-sante.com\/ro\/wp-json\/wp\/v2\/product_cat?post=26706"},{"taxonomy":"product_tag","embeddable":true,"href":"https:\/\/www.clinica-sante.com\/ro\/wp-json\/wp\/v2\/product_tag?post=26706"}],"curies":[{"name":"wp","href":"https:\/\/api.w.org\/{rel}","templated":true}]}}