{"id":26704,"date":"2025-06-24T15:17:50","date_gmt":"2025-06-24T12:17:50","guid":{"rendered":"https:\/\/www.clinica-sante.com\/ro\/analize-fara-categorie\/hepatita-d-cuantificare-arn-viral\/"},"modified":"2026-02-27T17:52:41","modified_gmt":"2026-02-27T15:52:41","slug":"hepatita-d-cuantificare-arn-viral","status":"publish","type":"product","link":"https:\/\/www.clinica-sante.com\/ro\/analize-genetica-infectioasa\/hepatita-d-cuantificare-arn-viral\/","title":{"rendered":"Hepatita D &#8211; cuantificare ARN viral"},"content":{"rendered":"","protected":false},"excerpt":{"rendered":"<p>Analiza detecteaz\u0103 \u0219i m\u0103soar\u0103 cantitativ ARN-ul virusului hepatitic D \u00een s\u00e2nge, prin metoda RT-PCR. Testul este utilizat pentru confirmarea infec\u021biei active \u0219i monitorizarea \u00eenc\u0103rc\u0103turii virale la pacien\u021bi cu coinfec\u021bie HBV\/HDV.<\/p>\n","protected":false},"featured_media":0,"template":"","meta":{"_acf_changed":false,"inline_featured_image":false},"product_brand":[],"product_cat":[1209,3172,2876],"product_tag":[],"class_list":{"0":"post-26704","1":"product","2":"type-product","3":"status-publish","5":"product_cat-analize","6":"product_cat-genetica-infectioasa","7":"product_cat-serviciu-laborator","8":"pa_conditii-medicale-afecti-hepatite-virale","9":"pa_parti-ale-corpului-organ-ficat-si-colecist","10":"pa_parti-ale-corpului-siste-sistem-digestiv","12":"first","13":"instock","14":"sale","15":"virtual","16":"purchasable","17":"product-type-simple"},"acf":[],"aioseo_notices":[],"_links":{"self":[{"href":"https:\/\/www.clinica-sante.com\/ro\/wp-json\/wp\/v2\/product\/26704","targetHints":{"allow":["GET"]}}],"collection":[{"href":"https:\/\/www.clinica-sante.com\/ro\/wp-json\/wp\/v2\/product"}],"about":[{"href":"https:\/\/www.clinica-sante.com\/ro\/wp-json\/wp\/v2\/types\/product"}],"wp:attachment":[{"href":"https:\/\/www.clinica-sante.com\/ro\/wp-json\/wp\/v2\/media?parent=26704"}],"wp:term":[{"taxonomy":"product_brand","embeddable":true,"href":"https:\/\/www.clinica-sante.com\/ro\/wp-json\/wp\/v2\/product_brand?post=26704"},{"taxonomy":"product_cat","embeddable":true,"href":"https:\/\/www.clinica-sante.com\/ro\/wp-json\/wp\/v2\/product_cat?post=26704"},{"taxonomy":"product_tag","embeddable":true,"href":"https:\/\/www.clinica-sante.com\/ro\/wp-json\/wp\/v2\/product_tag?post=26704"}],"curies":[{"name":"wp","href":"https:\/\/api.w.org\/{rel}","templated":true}]}}