{"id":26700,"date":"2025-06-24T14:17:36","date_gmt":"2025-06-24T12:17:36","guid":{"rendered":"https:\/\/www.clinica-sante.com\/ro\/analize-fara-categorie\/genotipare-cyp2c9\/"},"modified":"2026-02-27T17:52:35","modified_gmt":"2026-02-27T15:52:35","slug":"genotipare-cyp2c9","status":"publish","type":"product","link":"https:\/\/www.clinica-sante.com\/ro\/analize-farmacogenetica-si-farmacogenomica\/genotipare-cyp2c9\/","title":{"rendered":"Genotipare CYP2C9"},"content":{"rendered":"","protected":false},"excerpt":{"rendered":"<p>Testul identific\u0103 variantele genetice ale genei CYP2C9, implicate \u00een metabolizarea unor medicamente (ex. anticoagulante). Genotiparea este recomandat\u0103 pentru ajustarea dozelor \u0219i prevenirea efectelor toxice.<\/p>\n","protected":false},"featured_media":0,"template":"","meta":{"_acf_changed":false,"inline_featured_image":false},"product_brand":[],"product_cat":[1209,3226,2876],"product_tag":[],"class_list":{"0":"post-26700","1":"product","2":"type-product","3":"status-publish","5":"product_cat-analize","6":"product_cat-farmacogenetica-si-farmacogenomica","7":"product_cat-serviciu-laborator","8":"pa_genetica-atribut-genetica-preventiva","10":"first","11":"instock","12":"sale","13":"virtual","14":"purchasable","15":"product-type-simple"},"acf":[],"aioseo_notices":[],"_links":{"self":[{"href":"https:\/\/www.clinica-sante.com\/ro\/wp-json\/wp\/v2\/product\/26700","targetHints":{"allow":["GET"]}}],"collection":[{"href":"https:\/\/www.clinica-sante.com\/ro\/wp-json\/wp\/v2\/product"}],"about":[{"href":"https:\/\/www.clinica-sante.com\/ro\/wp-json\/wp\/v2\/types\/product"}],"wp:attachment":[{"href":"https:\/\/www.clinica-sante.com\/ro\/wp-json\/wp\/v2\/media?parent=26700"}],"wp:term":[{"taxonomy":"product_brand","embeddable":true,"href":"https:\/\/www.clinica-sante.com\/ro\/wp-json\/wp\/v2\/product_brand?post=26700"},{"taxonomy":"product_cat","embeddable":true,"href":"https:\/\/www.clinica-sante.com\/ro\/wp-json\/wp\/v2\/product_cat?post=26700"},{"taxonomy":"product_tag","embeddable":true,"href":"https:\/\/www.clinica-sante.com\/ro\/wp-json\/wp\/v2\/product_tag?post=26700"}],"curies":[{"name":"wp","href":"https:\/\/api.w.org\/{rel}","templated":true}]}}