{"id":26690,"date":"2025-06-24T15:17:00","date_gmt":"2025-06-24T12:17:00","guid":{"rendered":"https:\/\/www.clinica-sante.com\/ro\/analize-fara-categorie\/ttg-iga-boala-celiaca-anticorpi-anti-transglutaminaza-tisulara\/"},"modified":"2026-01-05T18:59:54","modified_gmt":"2026-01-05T16:59:54","slug":"ttg-iga-boala-celiaca-anticorpi-anti-transglutaminaza-tisulara","status":"publish","type":"product","link":"https:\/\/www.clinica-sante.com\/ro\/analize-boli-autoimune\/ttg-iga-boala-celiaca-anticorpi-anti-transglutaminaza-tisulara\/","title":{"rendered":"tTG IgA (boala celiaca) anticorpi anti-transglutaminaza tisulara"},"content":{"rendered":"","protected":false},"excerpt":{"rendered":"<p>Anticorpi IgA \u00eempotriva transglutaminazei tisulare sunt markeri serologici sensibili utiliza\u021bi \u00een diagnosticul precoce \u0219i monitorizarea bolii celiace, o afec\u021biune autoimun\u0103, \u00een care ingestia de gluten determin\u0103 leziuni intestinale.<\/p>\n","protected":false},"featured_media":0,"template":"","meta":{"_acf_changed":false,"inline_featured_image":false},"product_brand":[],"product_cat":[1209,3181,2876],"product_tag":[],"class_list":{"0":"post-26690","1":"product","2":"type-product","3":"status-publish","5":"product_cat-analize","6":"product_cat-boli-autoimune","7":"product_cat-serviciu-laborator","8":"pa_conditii-medicale-afecti-boala-celiaca","10":"first","11":"instock","12":"sale","13":"virtual","14":"purchasable","15":"product-type-simple"},"acf":[],"aioseo_notices":[],"_links":{"self":[{"href":"https:\/\/www.clinica-sante.com\/ro\/wp-json\/wp\/v2\/product\/26690","targetHints":{"allow":["GET"]}}],"collection":[{"href":"https:\/\/www.clinica-sante.com\/ro\/wp-json\/wp\/v2\/product"}],"about":[{"href":"https:\/\/www.clinica-sante.com\/ro\/wp-json\/wp\/v2\/types\/product"}],"wp:attachment":[{"href":"https:\/\/www.clinica-sante.com\/ro\/wp-json\/wp\/v2\/media?parent=26690"}],"wp:term":[{"taxonomy":"product_brand","embeddable":true,"href":"https:\/\/www.clinica-sante.com\/ro\/wp-json\/wp\/v2\/product_brand?post=26690"},{"taxonomy":"product_cat","embeddable":true,"href":"https:\/\/www.clinica-sante.com\/ro\/wp-json\/wp\/v2\/product_cat?post=26690"},{"taxonomy":"product_tag","embeddable":true,"href":"https:\/\/www.clinica-sante.com\/ro\/wp-json\/wp\/v2\/product_tag?post=26690"}],"curies":[{"name":"wp","href":"https:\/\/api.w.org\/{rel}","templated":true}]}}