{"id":26679,"date":"2025-06-24T15:16:19","date_gmt":"2025-06-24T12:16:19","guid":{"rendered":"https:\/\/www.clinica-sante.com\/ro\/analize-fara-categorie\/borrelia-western-blot-anticorpi-igm\/"},"modified":"2026-01-05T18:59:42","modified_gmt":"2026-01-05T16:59:42","slug":"borrelia-western-blot-anticorpi-igm","status":"publish","type":"product","link":"https:\/\/www.clinica-sante.com\/ro\/analize-boli-infectioase\/borrelia-western-blot-anticorpi-igm\/","title":{"rendered":"Borrelia: Western Blot Anticorpi IgM"},"content":{"rendered":"","protected":false},"excerpt":{"rendered":"<p>Testul identific\u0103 anticorpii IgM \u00eempotriva Borrelia burgdorferi, din ser, o bacterie care cauzeaz\u0103 boala Lyme. Analiza este utilizat\u0103 pentru confirmarea diagnosticului \u00een stadiile incipiente ale infec\u021biei, dup\u0103 un test de screening pozitiv.<\/p>\n","protected":false},"featured_media":0,"template":"","meta":{"_acf_changed":false,"inline_featured_image":false},"product_brand":[],"product_cat":[1209,3179,2876],"product_tag":[],"class_list":{"0":"post-26679","1":"product","2":"type-product","3":"status-publish","5":"product_cat-analize","6":"product_cat-boli-infectioase","7":"product_cat-serviciu-laborator","8":"pa_conditii-medicale-afecti-infectii-ale-sistemului-nervos-meningite-encefalite-neuroborelioza-sifilis","10":"first","11":"instock","12":"sale","13":"virtual","14":"purchasable","15":"product-type-simple"},"acf":[],"aioseo_notices":[],"_links":{"self":[{"href":"https:\/\/www.clinica-sante.com\/ro\/wp-json\/wp\/v2\/product\/26679","targetHints":{"allow":["GET"]}}],"collection":[{"href":"https:\/\/www.clinica-sante.com\/ro\/wp-json\/wp\/v2\/product"}],"about":[{"href":"https:\/\/www.clinica-sante.com\/ro\/wp-json\/wp\/v2\/types\/product"}],"wp:attachment":[{"href":"https:\/\/www.clinica-sante.com\/ro\/wp-json\/wp\/v2\/media?parent=26679"}],"wp:term":[{"taxonomy":"product_brand","embeddable":true,"href":"https:\/\/www.clinica-sante.com\/ro\/wp-json\/wp\/v2\/product_brand?post=26679"},{"taxonomy":"product_cat","embeddable":true,"href":"https:\/\/www.clinica-sante.com\/ro\/wp-json\/wp\/v2\/product_cat?post=26679"},{"taxonomy":"product_tag","embeddable":true,"href":"https:\/\/www.clinica-sante.com\/ro\/wp-json\/wp\/v2\/product_tag?post=26679"}],"curies":[{"name":"wp","href":"https:\/\/api.w.org\/{rel}","templated":true}]}}