{"id":26676,"date":"2025-06-24T15:16:08","date_gmt":"2025-06-24T12:16:08","guid":{"rendered":"https:\/\/www.clinica-sante.com\/ro\/analize-fara-categorie\/aptt-timpul-de-tromboplastina-partial-activat\/"},"modified":"2026-01-05T18:59:36","modified_gmt":"2026-01-05T16:59:36","slug":"aptt-timpul-de-tromboplastina-partial-activat","status":"publish","type":"product","link":"https:\/\/www.clinica-sante.com\/ro\/analize-coagulare-si-hemostaza\/aptt-timpul-de-tromboplastina-partial-activat\/","title":{"rendered":"APTT (Timpul de tromboplastina partial activat)"},"content":{"rendered":"","protected":false},"excerpt":{"rendered":"<p>APTT este un test care evalueaz\u0103 calea intrinsec\u0103 a procesului de coagulare \u0219i este folosit \u00een investigarea tulbur\u0103rilor de coagulare, hemofiliei, s\u00e2nger\u0103rilor inexplicabile sau monitorizarea tratamentului cu heparin\u0103. Este un test esen\u021bial pentru aprecierea riscului hemoragic \u00eenaintea interven\u021biilor chirurgicale.<\/p>\n","protected":false},"featured_media":0,"template":"","meta":{"_acf_changed":false,"inline_featured_image":false},"product_brand":[],"product_cat":[1209,3171,2876],"product_tag":[],"class_list":{"0":"post-26676","1":"product","2":"type-product","3":"status-publish","5":"product_cat-analize","6":"product_cat-coagulare-si-hemostaza","7":"product_cat-serviciu-laborator","8":"pa_conditii-medicale-afecti-insuficienta-hepatica-ciroza-hepatica","9":"pa_conditii-medicale-afecti-istoric-de-accident-vascular-cerebral-avc","10":"pa_conditii-medicale-afecti-tulburari-de-coagulare-trombofilie-hemofilie","11":"pa_parti-ale-corpului-organ-ficat-si-colecist","12":"pa_parti-ale-corpului-siste-sistem-digestiv","14":"first","15":"instock","16":"sale","17":"virtual","18":"purchasable","19":"product-type-simple"},"acf":[],"aioseo_notices":[],"_links":{"self":[{"href":"https:\/\/www.clinica-sante.com\/ro\/wp-json\/wp\/v2\/product\/26676","targetHints":{"allow":["GET"]}}],"collection":[{"href":"https:\/\/www.clinica-sante.com\/ro\/wp-json\/wp\/v2\/product"}],"about":[{"href":"https:\/\/www.clinica-sante.com\/ro\/wp-json\/wp\/v2\/types\/product"}],"wp:attachment":[{"href":"https:\/\/www.clinica-sante.com\/ro\/wp-json\/wp\/v2\/media?parent=26676"}],"wp:term":[{"taxonomy":"product_brand","embeddable":true,"href":"https:\/\/www.clinica-sante.com\/ro\/wp-json\/wp\/v2\/product_brand?post=26676"},{"taxonomy":"product_cat","embeddable":true,"href":"https:\/\/www.clinica-sante.com\/ro\/wp-json\/wp\/v2\/product_cat?post=26676"},{"taxonomy":"product_tag","embeddable":true,"href":"https:\/\/www.clinica-sante.com\/ro\/wp-json\/wp\/v2\/product_tag?post=26676"}],"curies":[{"name":"wp","href":"https:\/\/api.w.org\/{rel}","templated":true}]}}