{"id":26664,"date":"2025-06-24T15:15:25","date_gmt":"2025-06-24T12:15:25","guid":{"rendered":"https:\/\/www.clinica-sante.com\/ro\/analize-fara-categorie\/genotipare-interleukina-28b-il28b-polimorfismul-c-t-rs12979860\/"},"modified":"2026-02-27T17:52:13","modified_gmt":"2026-02-27T15:52:13","slug":"genotipare-interleukina-28b-il28b-polimorfismul-c-t-rs12979860","status":"publish","type":"product","link":"https:\/\/www.clinica-sante.com\/ro\/analize-farmacogenetica-si-farmacogenomica\/genotipare-interleukina-28b-il28b-polimorfismul-c-t-rs12979860\/","title":{"rendered":"Genotipare Interleukina 28B (IL28B polimorfismul C\/T rs12979860)"},"content":{"rendered":"","protected":false},"excerpt":{"rendered":"<p>Analiza genetic\u0103 determin\u0103 polimorfismul IL28B, asociat cu eficien\u021ba tratamentului cu interferon \u00een hepatita C. Este utilizat\u0103 pentru estimarea probabilit\u0103\u021bii de r\u0103spuns terapeutic \u0219i poate ghida alegerea celei mai potrivite op\u021biuni de tratament.<\/p>\n","protected":false},"featured_media":0,"template":"","meta":{"_acf_changed":false,"inline_featured_image":false},"product_brand":[],"product_cat":[1209,3226,2876],"product_tag":[],"class_list":{"0":"post-26664","1":"product","2":"type-product","3":"status-publish","5":"product_cat-analize","6":"product_cat-farmacogenetica-si-farmacogenomica","7":"product_cat-serviciu-laborator","9":"first","10":"instock","11":"sale","12":"virtual","13":"purchasable","14":"product-type-simple"},"acf":[],"aioseo_notices":[],"_links":{"self":[{"href":"https:\/\/www.clinica-sante.com\/ro\/wp-json\/wp\/v2\/product\/26664","targetHints":{"allow":["GET"]}}],"collection":[{"href":"https:\/\/www.clinica-sante.com\/ro\/wp-json\/wp\/v2\/product"}],"about":[{"href":"https:\/\/www.clinica-sante.com\/ro\/wp-json\/wp\/v2\/types\/product"}],"wp:attachment":[{"href":"https:\/\/www.clinica-sante.com\/ro\/wp-json\/wp\/v2\/media?parent=26664"}],"wp:term":[{"taxonomy":"product_brand","embeddable":true,"href":"https:\/\/www.clinica-sante.com\/ro\/wp-json\/wp\/v2\/product_brand?post=26664"},{"taxonomy":"product_cat","embeddable":true,"href":"https:\/\/www.clinica-sante.com\/ro\/wp-json\/wp\/v2\/product_cat?post=26664"},{"taxonomy":"product_tag","embeddable":true,"href":"https:\/\/www.clinica-sante.com\/ro\/wp-json\/wp\/v2\/product_tag?post=26664"}],"curies":[{"name":"wp","href":"https:\/\/api.w.org\/{rel}","templated":true}]}}