{"id":26646,"date":"2025-06-24T15:14:18","date_gmt":"2025-06-24T12:14:18","guid":{"rendered":"https:\/\/www.clinica-sante.com\/ro\/analize-fara-categorie\/dublu-test-determinare-parametri-biochimici-free-beta-hcg-si-papp-a-kryptor\/"},"modified":"2026-01-05T18:59:16","modified_gmt":"2026-01-05T16:59:16","slug":"dublu-test-determinare-parametri-biochimici-free-beta-hcg-si-papp-a-kryptor","status":"publish","type":"product","link":"https:\/\/www.clinica-sante.com\/ro\/analize-screening-prenatal\/dublu-test-determinare-parametri-biochimici-free-beta-hcg-si-papp-a-kryptor\/","title":{"rendered":"Dublu test (determinare parametri biochimici free Beta HCG si PAPP-A, Kryptor)"},"content":{"rendered":"","protected":false},"excerpt":{"rendered":"<p>Dublul test este o analiz\u0103 prenatal\u0103 realizat\u0103 \u00een primul trimestru (11\u201313,6 s\u0103pt\u0103m\u00e2ni), care m\u0103soar\u0103 frac\u021bia liber\u0103 de \u03b2-hCG \u0219i PAPP-A, doi markeri materni folosi\u021bi pentru estimarea riscului de anomalii cromozomiale fetale, precum sindromul Down, Edwards sau Patau.<\/p>\n","protected":false},"featured_media":0,"template":"","meta":{"_acf_changed":false,"inline_featured_image":false},"product_brand":[],"product_cat":[1209,3224,2876],"product_tag":[],"class_list":{"0":"post-26646","1":"product","2":"type-product","3":"status-publish","5":"product_cat-analize","6":"product_cat-screening-prenatal","7":"product_cat-serviciu-laborator","9":"first","10":"instock","11":"sale","12":"virtual","13":"purchasable","14":"product-type-simple"},"acf":[],"aioseo_notices":[],"_links":{"self":[{"href":"https:\/\/www.clinica-sante.com\/ro\/wp-json\/wp\/v2\/product\/26646","targetHints":{"allow":["GET"]}}],"collection":[{"href":"https:\/\/www.clinica-sante.com\/ro\/wp-json\/wp\/v2\/product"}],"about":[{"href":"https:\/\/www.clinica-sante.com\/ro\/wp-json\/wp\/v2\/types\/product"}],"wp:attachment":[{"href":"https:\/\/www.clinica-sante.com\/ro\/wp-json\/wp\/v2\/media?parent=26646"}],"wp:term":[{"taxonomy":"product_brand","embeddable":true,"href":"https:\/\/www.clinica-sante.com\/ro\/wp-json\/wp\/v2\/product_brand?post=26646"},{"taxonomy":"product_cat","embeddable":true,"href":"https:\/\/www.clinica-sante.com\/ro\/wp-json\/wp\/v2\/product_cat?post=26646"},{"taxonomy":"product_tag","embeddable":true,"href":"https:\/\/www.clinica-sante.com\/ro\/wp-json\/wp\/v2\/product_tag?post=26646"}],"curies":[{"name":"wp","href":"https:\/\/api.w.org\/{rel}","templated":true}]}}