{"id":26637,"date":"2025-06-24T15:13:46","date_gmt":"2025-06-24T12:13:46","guid":{"rendered":"https:\/\/www.clinica-sante.com\/ro\/analize-fara-categorie\/inhibina-a-marker-tumoral\/"},"modified":"2026-01-03T17:06:31","modified_gmt":"2026-01-03T15:06:31","slug":"inhibina-a-marker-tumoral","status":"publish","type":"product","link":"https:\/\/www.clinica-sante.com\/ro\/analize-markeri-tumorali\/inhibina-a-marker-tumoral\/","title":{"rendered":"Inhibina A (marker tumoral)"},"content":{"rendered":"","protected":false},"excerpt":{"rendered":"<p>Inhibina A este o glicoprotein\u0103 implicat\u0103 \u00een reglarea func\u021biei gonadotrope, util\u0103 \u00een diagnosticul \u0219i monitorizarea tumorilor ovariene cu celule granuloase \u0219i \u00een special \u00een asociere cu inhibina B. Este folosit\u0103 \u0219i \u00een screeningul prenatal (testul cvadruplu) pentru evaluarea riscului de anomalii fetale, precum sindromul Down \u0219i poate avea rol \u00een investigarea tulbur\u0103rilor de fertilitate.<\/p>\n","protected":false},"featured_media":0,"template":"","meta":{"_acf_changed":false,"inline_featured_image":false},"product_brand":[],"product_cat":[1209,3192,2876],"product_tag":[],"class_list":{"0":"post-26637","1":"product","2":"type-product","3":"status-publish","5":"product_cat-analize","6":"product_cat-markeri-tumorali","7":"product_cat-serviciu-laborator","8":"pa_conditii-medicale-afecti-tumori-ovariene","10":"first","11":"instock","12":"sale","13":"virtual","14":"purchasable","15":"product-type-simple"},"acf":[],"aioseo_notices":[],"_links":{"self":[{"href":"https:\/\/www.clinica-sante.com\/ro\/wp-json\/wp\/v2\/product\/26637","targetHints":{"allow":["GET"]}}],"collection":[{"href":"https:\/\/www.clinica-sante.com\/ro\/wp-json\/wp\/v2\/product"}],"about":[{"href":"https:\/\/www.clinica-sante.com\/ro\/wp-json\/wp\/v2\/types\/product"}],"wp:attachment":[{"href":"https:\/\/www.clinica-sante.com\/ro\/wp-json\/wp\/v2\/media?parent=26637"}],"wp:term":[{"taxonomy":"product_brand","embeddable":true,"href":"https:\/\/www.clinica-sante.com\/ro\/wp-json\/wp\/v2\/product_brand?post=26637"},{"taxonomy":"product_cat","embeddable":true,"href":"https:\/\/www.clinica-sante.com\/ro\/wp-json\/wp\/v2\/product_cat?post=26637"},{"taxonomy":"product_tag","embeddable":true,"href":"https:\/\/www.clinica-sante.com\/ro\/wp-json\/wp\/v2\/product_tag?post=26637"}],"curies":[{"name":"wp","href":"https:\/\/api.w.org\/{rel}","templated":true}]}}