{"id":26633,"date":"2025-06-24T14:13:26","date_gmt":"2025-06-24T12:13:26","guid":{"rendered":"https:\/\/www.clinica-sante.com\/ro\/analize-fara-categorie\/ige-specific-la-amestec-de-pene-gasca-pui-rata-curcan-ex71\/"},"modified":"2026-01-03T17:06:20","modified_gmt":"2026-01-03T15:06:20","slug":"ige-specific-la-amestec-de-pene-gasca-pui-rata-curcan-ex71","status":"publish","type":"product","link":"https:\/\/www.clinica-sante.com\/ro\/analize-alergologie\/ige-specific-la-amestec-de-pene-gasca-pui-rata-curcan-ex71\/","title":{"rendered":"IgE specific la amestec de pene &#8211; gasca, pui, rata, curcan (ex71)"},"content":{"rendered":"","protected":false},"excerpt":{"rendered":"<p>Analiza detecteaz\u0103 sensibilizarea la alergeni din pene de pas\u0103re. Este indicat\u0103 \u00een rinit\u0103 alergic\u0103, astm sau alte simptome respiratorii cauzate de expunerea la p\u0103s\u0103ri de curte, perne cu pene sau medii contaminate.<\/p>\n","protected":false},"featured_media":0,"template":"","meta":{"_acf_changed":false,"inline_featured_image":false},"product_brand":[],"product_cat":[3151,1209,2876],"product_tag":[],"class_list":{"0":"post-26633","1":"product","2":"type-product","3":"status-publish","5":"product_cat-alergologie","6":"product_cat-analize","7":"product_cat-serviciu-laborator","9":"first","10":"instock","11":"sale","12":"virtual","13":"purchasable","14":"product-type-simple"},"acf":[],"aioseo_notices":[],"_links":{"self":[{"href":"https:\/\/www.clinica-sante.com\/ro\/wp-json\/wp\/v2\/product\/26633","targetHints":{"allow":["GET"]}}],"collection":[{"href":"https:\/\/www.clinica-sante.com\/ro\/wp-json\/wp\/v2\/product"}],"about":[{"href":"https:\/\/www.clinica-sante.com\/ro\/wp-json\/wp\/v2\/types\/product"}],"wp:attachment":[{"href":"https:\/\/www.clinica-sante.com\/ro\/wp-json\/wp\/v2\/media?parent=26633"}],"wp:term":[{"taxonomy":"product_brand","embeddable":true,"href":"https:\/\/www.clinica-sante.com\/ro\/wp-json\/wp\/v2\/product_brand?post=26633"},{"taxonomy":"product_cat","embeddable":true,"href":"https:\/\/www.clinica-sante.com\/ro\/wp-json\/wp\/v2\/product_cat?post=26633"},{"taxonomy":"product_tag","embeddable":true,"href":"https:\/\/www.clinica-sante.com\/ro\/wp-json\/wp\/v2\/product_tag?post=26633"}],"curies":[{"name":"wp","href":"https:\/\/api.w.org\/{rel}","templated":true}]}}