{"id":26630,"date":"2025-06-24T15:13:16","date_gmt":"2025-06-24T12:13:16","guid":{"rendered":"https:\/\/www.clinica-sante.com\/ro\/analize-fara-categorie\/acid-metilmalonic-urinar\/"},"modified":"2026-01-03T17:06:12","modified_gmt":"2026-01-03T15:06:12","slug":"acid-metilmalonic-urinar","status":"publish","type":"product","link":"https:\/\/www.clinica-sante.com\/ro\/analize-imunologie\/acid-metilmalonic-urinar\/","title":{"rendered":"Acid metilmalonic urinar"},"content":{"rendered":"","protected":false},"excerpt":{"rendered":"<p>Determinarea acidului metilmalonic \u00een urin\u0103 este un marker sensibil al deficitului de vitamina B12. Testul este indicat \u00een evaluarea anemiilor megaloblastice, tulbur\u0103rilor metabolice ereditare \u0219i suspiciunii de deficit func\u021bional de cobalamin\u0103.<\/p>\n","protected":false},"featured_media":0,"template":"","meta":{"_acf_changed":false,"inline_featured_image":false},"product_brand":[],"product_cat":[1209,3180,2876],"product_tag":[],"class_list":{"0":"post-26630","1":"product","2":"type-product","3":"status-publish","5":"product_cat-analize","6":"product_cat-imunologie","7":"product_cat-serviciu-laborator","9":"first","10":"instock","11":"sale","12":"virtual","13":"purchasable","14":"product-type-simple"},"acf":[],"aioseo_notices":[],"_links":{"self":[{"href":"https:\/\/www.clinica-sante.com\/ro\/wp-json\/wp\/v2\/product\/26630","targetHints":{"allow":["GET"]}}],"collection":[{"href":"https:\/\/www.clinica-sante.com\/ro\/wp-json\/wp\/v2\/product"}],"about":[{"href":"https:\/\/www.clinica-sante.com\/ro\/wp-json\/wp\/v2\/types\/product"}],"wp:attachment":[{"href":"https:\/\/www.clinica-sante.com\/ro\/wp-json\/wp\/v2\/media?parent=26630"}],"wp:term":[{"taxonomy":"product_brand","embeddable":true,"href":"https:\/\/www.clinica-sante.com\/ro\/wp-json\/wp\/v2\/product_brand?post=26630"},{"taxonomy":"product_cat","embeddable":true,"href":"https:\/\/www.clinica-sante.com\/ro\/wp-json\/wp\/v2\/product_cat?post=26630"},{"taxonomy":"product_tag","embeddable":true,"href":"https:\/\/www.clinica-sante.com\/ro\/wp-json\/wp\/v2\/product_tag?post=26630"}],"curies":[{"name":"wp","href":"https:\/\/api.w.org\/{rel}","templated":true}]}}