{"id":26629,"date":"2025-06-24T15:13:12","date_gmt":"2025-06-24T12:13:12","guid":{"rendered":"https:\/\/www.clinica-sante.com\/ro\/analize-fara-categorie\/factor-ix-inhibitori\/"},"modified":"2026-01-03T17:06:10","modified_gmt":"2026-01-03T15:06:10","slug":"factor-ix-inhibitori","status":"publish","type":"product","link":"https:\/\/www.clinica-sante.com\/ro\/analize-coagulare-si-hemostaza\/factor-ix-inhibitori\/","title":{"rendered":"Factor IX (inhibitori)"},"content":{"rendered":"","protected":false},"excerpt":{"rendered":"<p>Factorul IX este o protein\u0103 implicat\u0103 \u00een calea intrinsec\u0103 a coagul\u0103rii s\u00e2ngelui, contribuind la formarea cheagului stabil. Testul identific\u0103 inhibitorii anti-factor IX, asocia\u021bi cu rezisten\u021ba la tratamentul \u00een hemofilia B. Analiza este indicat\u0103 la pacien\u021bi cu s\u00e2nger\u0103ri anormale \u0219i lips\u0103 de r\u0103spuns la terapia de substitu\u021bie.<\/p>\n","protected":false},"featured_media":0,"template":"","meta":{"_acf_changed":false,"inline_featured_image":false},"product_brand":[],"product_cat":[1209,3171,2876],"product_tag":[],"class_list":{"0":"post-26629","1":"product","2":"type-product","3":"status-publish","5":"product_cat-analize","6":"product_cat-coagulare-si-hemostaza","7":"product_cat-serviciu-laborator","9":"first","10":"instock","11":"sale","12":"virtual","13":"purchasable","14":"product-type-simple"},"acf":[],"aioseo_notices":[],"_links":{"self":[{"href":"https:\/\/www.clinica-sante.com\/ro\/wp-json\/wp\/v2\/product\/26629","targetHints":{"allow":["GET"]}}],"collection":[{"href":"https:\/\/www.clinica-sante.com\/ro\/wp-json\/wp\/v2\/product"}],"about":[{"href":"https:\/\/www.clinica-sante.com\/ro\/wp-json\/wp\/v2\/types\/product"}],"wp:attachment":[{"href":"https:\/\/www.clinica-sante.com\/ro\/wp-json\/wp\/v2\/media?parent=26629"}],"wp:term":[{"taxonomy":"product_brand","embeddable":true,"href":"https:\/\/www.clinica-sante.com\/ro\/wp-json\/wp\/v2\/product_brand?post=26629"},{"taxonomy":"product_cat","embeddable":true,"href":"https:\/\/www.clinica-sante.com\/ro\/wp-json\/wp\/v2\/product_cat?post=26629"},{"taxonomy":"product_tag","embeddable":true,"href":"https:\/\/www.clinica-sante.com\/ro\/wp-json\/wp\/v2\/product_tag?post=26629"}],"curies":[{"name":"wp","href":"https:\/\/api.w.org\/{rel}","templated":true}]}}