{"id":26617,"date":"2025-06-24T15:12:33","date_gmt":"2025-06-24T12:12:33","guid":{"rendered":"https:\/\/www.clinica-sante.com\/ro\/analize-fara-categorie\/helicobacter-pylori-anticorpi-igg\/"},"modified":"2026-01-05T18:58:56","modified_gmt":"2026-01-05T16:58:56","slug":"helicobacter-pylori-anticorpi-igg","status":"publish","type":"product","link":"https:\/\/www.clinica-sante.com\/ro\/analize-boli-infectioase\/helicobacter-pylori-anticorpi-igg\/","title":{"rendered":"Helicobacter pylori: Anticorpi IgG"},"content":{"rendered":"","protected":false},"excerpt":{"rendered":"<p>Anticorpii IgG \u00eempotriva Helicobacter pylori ajut\u0103 la identificarea unei infec\u021bii actuale sau anterioare cu aceast\u0103 bacterie, implicat\u0103 \u00een apari\u021bia unor afec\u021biuni precum gastrita sau ulcerul. Un rezultat pozitiv nu confirm\u0103 o infec\u021bie activ\u0103, dar este un punct de plecare pentru investiga\u021bii suplimentare.<\/p>\n","protected":false},"featured_media":0,"template":"","meta":{"_acf_changed":false,"inline_featured_image":false},"product_brand":[],"product_cat":[1209,3179,2876],"product_tag":[],"class_list":{"0":"post-26617","1":"product","2":"type-product","3":"status-publish","5":"product_cat-analize","6":"product_cat-boli-infectioase","7":"product_cat-serviciu-laborator","8":"pa_conditii-medicale-afecti-infectie-helicobacter-pylori","10":"first","11":"instock","12":"sale","13":"virtual","14":"purchasable","15":"product-type-simple"},"acf":[],"aioseo_notices":[],"_links":{"self":[{"href":"https:\/\/www.clinica-sante.com\/ro\/wp-json\/wp\/v2\/product\/26617","targetHints":{"allow":["GET"]}}],"collection":[{"href":"https:\/\/www.clinica-sante.com\/ro\/wp-json\/wp\/v2\/product"}],"about":[{"href":"https:\/\/www.clinica-sante.com\/ro\/wp-json\/wp\/v2\/types\/product"}],"wp:attachment":[{"href":"https:\/\/www.clinica-sante.com\/ro\/wp-json\/wp\/v2\/media?parent=26617"}],"wp:term":[{"taxonomy":"product_brand","embeddable":true,"href":"https:\/\/www.clinica-sante.com\/ro\/wp-json\/wp\/v2\/product_brand?post=26617"},{"taxonomy":"product_cat","embeddable":true,"href":"https:\/\/www.clinica-sante.com\/ro\/wp-json\/wp\/v2\/product_cat?post=26617"},{"taxonomy":"product_tag","embeddable":true,"href":"https:\/\/www.clinica-sante.com\/ro\/wp-json\/wp\/v2\/product_tag?post=26617"}],"curies":[{"name":"wp","href":"https:\/\/api.w.org\/{rel}","templated":true}]}}