{"id":26614,"date":"2025-06-24T15:12:21","date_gmt":"2025-06-24T12:12:21","guid":{"rendered":"https:\/\/www.clinica-sante.com\/ro\/analize-fara-categorie\/secventiere-ngs-gena-otc-deficienta-de-ornitin-transcarbamilaza\/"},"modified":"2026-02-27T17:51:29","modified_gmt":"2026-02-27T15:51:29","slug":"secventiere-ngs-gena-otc-deficienta-de-ornitin-transcarbamilaza","status":"publish","type":"product","link":"https:\/\/www.clinica-sante.com\/ro\/analize-diagnostic-genetic\/secventiere-ngs-gena-otc-deficienta-de-ornitin-transcarbamilaza\/","title":{"rendered":"Secventiere NGS \u2013 gena OTC (Deficienta de ornitin-transcarbamilaza)"},"content":{"rendered":"","protected":false},"excerpt":{"rendered":"<p>Test genetic care identific\u0103 muta\u021bii punctiforme \u0219i varia\u021bii genetice \u00een gena OTC, asociate cu deficien\u021ba de ornitin-transcarbamilaz\u0103 \u2013 o boal\u0103 metabolic\u0103 rar\u0103 ce afecteaz\u0103 eliminarea amoniacului. Se realizeaz\u0103 prin NGS (Next Generation Sequencing) \u0219i este recomandat pentru diagnostic \u0219i consiliere genetic\u0103.<\/p>\n","protected":false},"featured_media":0,"template":"","meta":{"_acf_changed":false,"inline_featured_image":false},"product_brand":[],"product_cat":[1209,3166,2876],"product_tag":[],"class_list":{"0":"post-26614","1":"product","2":"type-product","3":"status-publish","5":"product_cat-analize","6":"product_cat-diagnostic-genetic","7":"product_cat-serviciu-laborator","9":"first","10":"instock","11":"sale","12":"virtual","13":"purchasable","14":"product-type-simple"},"acf":[],"aioseo_notices":[],"_links":{"self":[{"href":"https:\/\/www.clinica-sante.com\/ro\/wp-json\/wp\/v2\/product\/26614","targetHints":{"allow":["GET"]}}],"collection":[{"href":"https:\/\/www.clinica-sante.com\/ro\/wp-json\/wp\/v2\/product"}],"about":[{"href":"https:\/\/www.clinica-sante.com\/ro\/wp-json\/wp\/v2\/types\/product"}],"wp:attachment":[{"href":"https:\/\/www.clinica-sante.com\/ro\/wp-json\/wp\/v2\/media?parent=26614"}],"wp:term":[{"taxonomy":"product_brand","embeddable":true,"href":"https:\/\/www.clinica-sante.com\/ro\/wp-json\/wp\/v2\/product_brand?post=26614"},{"taxonomy":"product_cat","embeddable":true,"href":"https:\/\/www.clinica-sante.com\/ro\/wp-json\/wp\/v2\/product_cat?post=26614"},{"taxonomy":"product_tag","embeddable":true,"href":"https:\/\/www.clinica-sante.com\/ro\/wp-json\/wp\/v2\/product_tag?post=26614"}],"curies":[{"name":"wp","href":"https:\/\/api.w.org\/{rel}","templated":true}]}}