{"id":26599,"date":"2025-06-24T15:11:17","date_gmt":"2025-06-24T12:11:17","guid":{"rendered":"https:\/\/www.clinica-sante.com\/ro\/analize-fara-categorie\/antigen-hbs-cantitativ\/"},"modified":"2026-01-05T18:58:35","modified_gmt":"2026-01-05T16:58:35","slug":"antigen-hbs-cantitativ","status":"publish","type":"product","link":"https:\/\/www.clinica-sante.com\/ro\/analize-boli-infectioase\/antigen-hbs-cantitativ\/","title":{"rendered":"Antigen HBs (cantitativ)"},"content":{"rendered":"","protected":false},"excerpt":{"rendered":"<p>Testul determin\u0103 nivelul cantitativ al antigenului de suprafa\u021b\u0103 HBs (HBsAg), o protein\u0103 produs\u0103 de virusul hepatitic B. Analiza este utilizat\u0103 pentru diagnosticul \u0219i monitorizarea evolu\u021biei bolii \u0219i a r\u0103spunsului la tratament, precum \u0219i pentru identificarea purt\u0103torilor cronici.<\/p>\n","protected":false},"featured_media":0,"template":"","meta":{"_acf_changed":false,"inline_featured_image":false},"product_brand":[],"product_cat":[1209,3179,2876],"product_tag":[],"class_list":{"0":"post-26599","1":"product","2":"type-product","3":"status-publish","5":"product_cat-analize","6":"product_cat-boli-infectioase","7":"product_cat-serviciu-laborator","8":"pa_conditii-medicale-afecti-hepatite-virale","9":"pa_parti-ale-corpului-organ-ficat-si-colecist","10":"pa_parti-ale-corpului-siste-sistem-digestiv","12":"first","13":"instock","14":"sale","15":"virtual","16":"purchasable","17":"product-type-simple"},"acf":[],"aioseo_notices":[],"_links":{"self":[{"href":"https:\/\/www.clinica-sante.com\/ro\/wp-json\/wp\/v2\/product\/26599","targetHints":{"allow":["GET"]}}],"collection":[{"href":"https:\/\/www.clinica-sante.com\/ro\/wp-json\/wp\/v2\/product"}],"about":[{"href":"https:\/\/www.clinica-sante.com\/ro\/wp-json\/wp\/v2\/types\/product"}],"wp:attachment":[{"href":"https:\/\/www.clinica-sante.com\/ro\/wp-json\/wp\/v2\/media?parent=26599"}],"wp:term":[{"taxonomy":"product_brand","embeddable":true,"href":"https:\/\/www.clinica-sante.com\/ro\/wp-json\/wp\/v2\/product_brand?post=26599"},{"taxonomy":"product_cat","embeddable":true,"href":"https:\/\/www.clinica-sante.com\/ro\/wp-json\/wp\/v2\/product_cat?post=26599"},{"taxonomy":"product_tag","embeddable":true,"href":"https:\/\/www.clinica-sante.com\/ro\/wp-json\/wp\/v2\/product_tag?post=26599"}],"curies":[{"name":"wp","href":"https:\/\/api.w.org\/{rel}","templated":true}]}}