{"id":26586,"date":"2025-06-24T15:10:26","date_gmt":"2025-06-24T12:10:26","guid":{"rendered":"https:\/\/www.clinica-sante.com\/ro\/analize-fara-categorie\/testare-genetica-tintita-mutatie-punctiforma-secventiere-sanger-carrier-testing-sanger-point-mutation\/"},"modified":"2026-02-27T17:51:04","modified_gmt":"2026-02-27T15:51:04","slug":"testare-genetica-tintita-mutatie-punctiforma-secventiere-sanger-carrier-testing-sanger-point-mutation","status":"publish","type":"product","link":"https:\/\/www.clinica-sante.com\/ro\/analize-diagnostic-genetic\/testare-genetica-tintita-mutatie-punctiforma-secventiere-sanger-carrier-testing-sanger-point-mutation\/","title":{"rendered":"Testare genetica tintita (mutatie punctiforma &#8211; secventiere Sanger) &#8211; Carrier testing Sanger (point mutation)"},"content":{"rendered":"","protected":false},"excerpt":{"rendered":"<p>Analiza identific\u0103 \u00een ADN o muta\u021bie punctiform\u0103 cunoscut\u0103, utiliz\u00e2nd metoda Sanger, recunoscut\u0103 pentru acurate\u021bea sa crescut\u0103. Este folosit\u0103 pentru depistarea purt\u0103torilor s\u0103n\u0103to\u0219i ai unei boli genetice \u0219i are un rol important \u00een consilierea genetic\u0103 \u0219i planificarea familial\u0103.<\/p>\n","protected":false},"featured_media":0,"template":"","meta":{"_acf_changed":false,"inline_featured_image":false},"product_brand":[],"product_cat":[1209,3166,2876],"product_tag":[],"class_list":{"0":"post-26586","1":"product","2":"type-product","3":"status-publish","5":"product_cat-analize","6":"product_cat-diagnostic-genetic","7":"product_cat-serviciu-laborator","9":"first","10":"instock","11":"sale","12":"virtual","13":"purchasable","14":"product-type-simple"},"acf":[],"aioseo_notices":[],"_links":{"self":[{"href":"https:\/\/www.clinica-sante.com\/ro\/wp-json\/wp\/v2\/product\/26586","targetHints":{"allow":["GET"]}}],"collection":[{"href":"https:\/\/www.clinica-sante.com\/ro\/wp-json\/wp\/v2\/product"}],"about":[{"href":"https:\/\/www.clinica-sante.com\/ro\/wp-json\/wp\/v2\/types\/product"}],"wp:attachment":[{"href":"https:\/\/www.clinica-sante.com\/ro\/wp-json\/wp\/v2\/media?parent=26586"}],"wp:term":[{"taxonomy":"product_brand","embeddable":true,"href":"https:\/\/www.clinica-sante.com\/ro\/wp-json\/wp\/v2\/product_brand?post=26586"},{"taxonomy":"product_cat","embeddable":true,"href":"https:\/\/www.clinica-sante.com\/ro\/wp-json\/wp\/v2\/product_cat?post=26586"},{"taxonomy":"product_tag","embeddable":true,"href":"https:\/\/www.clinica-sante.com\/ro\/wp-json\/wp\/v2\/product_tag?post=26586"}],"curies":[{"name":"wp","href":"https:\/\/api.w.org\/{rel}","templated":true}]}}