{"id":26585,"date":"2025-06-24T15:10:23","date_gmt":"2025-06-24T12:10:23","guid":{"rendered":"https:\/\/www.clinica-sante.com\/ro\/analize-fara-categorie\/cortizol-salivar\/"},"modified":"2026-01-05T18:58:24","modified_gmt":"2026-01-05T16:58:24","slug":"cortizol-salivar","status":"publish","type":"product","link":"https:\/\/www.clinica-sante.com\/ro\/analize-imunologie\/cortizol-salivar\/","title":{"rendered":"Cortizol salivar"},"content":{"rendered":"","protected":false},"excerpt":{"rendered":"<p>Testul m\u0103soar\u0103 nivelul cortizolului din saliva recoltat\u0103 seara, la ora 23.00. Determinarea este util\u0103 \u00een screeningul sindromului Cushing (secre\u021bie excesiv\u0103 de cortizol) \u0219i evaluarea altor tulbur\u0103ri ale glandelor suprarenale.<\/p>\n","protected":false},"featured_media":0,"template":"","meta":{"_acf_changed":false,"inline_featured_image":false},"product_brand":[],"product_cat":[1209,3180,2876],"product_tag":[],"class_list":{"0":"post-26585","1":"product","2":"type-product","3":"status-publish","5":"product_cat-analize","6":"product_cat-imunologie","7":"product_cat-serviciu-laborator","8":"pa_conditii-medicale-afecti-hipertensiune-arteriala-secundara","9":"pa_conditii-medicale-afecti-hirsutism","10":"pa_conditii-medicale-afecti-miopatii-endocrine","11":"pa_conditii-medicale-afecti-tulburari-de-ciclu-menstrual-amenoree-sopc","13":"first","14":"instock","15":"sale","16":"virtual","17":"purchasable","18":"product-type-simple"},"acf":[],"aioseo_notices":[],"_links":{"self":[{"href":"https:\/\/www.clinica-sante.com\/ro\/wp-json\/wp\/v2\/product\/26585","targetHints":{"allow":["GET"]}}],"collection":[{"href":"https:\/\/www.clinica-sante.com\/ro\/wp-json\/wp\/v2\/product"}],"about":[{"href":"https:\/\/www.clinica-sante.com\/ro\/wp-json\/wp\/v2\/types\/product"}],"wp:attachment":[{"href":"https:\/\/www.clinica-sante.com\/ro\/wp-json\/wp\/v2\/media?parent=26585"}],"wp:term":[{"taxonomy":"product_brand","embeddable":true,"href":"https:\/\/www.clinica-sante.com\/ro\/wp-json\/wp\/v2\/product_brand?post=26585"},{"taxonomy":"product_cat","embeddable":true,"href":"https:\/\/www.clinica-sante.com\/ro\/wp-json\/wp\/v2\/product_cat?post=26585"},{"taxonomy":"product_tag","embeddable":true,"href":"https:\/\/www.clinica-sante.com\/ro\/wp-json\/wp\/v2\/product_tag?post=26585"}],"curies":[{"name":"wp","href":"https:\/\/api.w.org\/{rel}","templated":true}]}}