{"id":26581,"date":"2025-06-24T15:10:06","date_gmt":"2025-06-24T12:10:06","guid":{"rendered":"https:\/\/www.clinica-sante.com\/ro\/analize-fara-categorie\/panel-plus-boli-renale-genetice-centonefro-plus-include-analiza-genei-pkd1-boala-polichistica-renala-autozomal-dominanta\/"},"modified":"2026-02-27T17:51:01","modified_gmt":"2026-02-27T15:51:01","slug":"panel-plus-boli-renale-genetice-centonefro-plus-include-analiza-genei-pkd1-boala-polichistica-renala-autozomal-dominanta","status":"publish","type":"product","link":"https:\/\/www.clinica-sante.com\/ro\/analize-diagnostic-genetic\/panel-plus-boli-renale-genetice-centonefro-plus-include-analiza-genei-pkd1-boala-polichistica-renala-autozomal-dominanta\/","title":{"rendered":"Panel Plus Boli renale genetice &#8211; CentoNefro Plus (include analiza genei PKD1 &#8211; Boala polichistica renala autozomal dominanta)"},"content":{"rendered":"","protected":false},"excerpt":{"rendered":"<p>Panelul genetic detecteaz\u0103 muta\u021bii \u00een gene asociate cu boli renale ereditare, inclusiv boala polichistic\u0103 renal\u0103 autozomal dominant\u0103 prin analiza genei PKD1. Este indicat \u00een cazuri de afectare renal\u0103 familial\u0103, insuficien\u021b\u0103 renal\u0103 precoce sau chisturi multiple. Se bazeaz\u0103 pe secven\u021biere NGS.<\/p>\n","protected":false},"featured_media":0,"template":"","meta":{"_acf_changed":false,"inline_featured_image":false},"product_brand":[],"product_cat":[1209,3166,2876],"product_tag":[],"class_list":{"0":"post-26581","1":"product","2":"type-product","3":"status-publish","5":"product_cat-analize","6":"product_cat-diagnostic-genetic","7":"product_cat-serviciu-laborator","8":"pa_conditii-medicale-afecti-boala-polichistica-renala","10":"first","11":"instock","12":"sale","13":"virtual","14":"purchasable","15":"product-type-simple"},"acf":[],"aioseo_notices":[],"_links":{"self":[{"href":"https:\/\/www.clinica-sante.com\/ro\/wp-json\/wp\/v2\/product\/26581","targetHints":{"allow":["GET"]}}],"collection":[{"href":"https:\/\/www.clinica-sante.com\/ro\/wp-json\/wp\/v2\/product"}],"about":[{"href":"https:\/\/www.clinica-sante.com\/ro\/wp-json\/wp\/v2\/types\/product"}],"wp:attachment":[{"href":"https:\/\/www.clinica-sante.com\/ro\/wp-json\/wp\/v2\/media?parent=26581"}],"wp:term":[{"taxonomy":"product_brand","embeddable":true,"href":"https:\/\/www.clinica-sante.com\/ro\/wp-json\/wp\/v2\/product_brand?post=26581"},{"taxonomy":"product_cat","embeddable":true,"href":"https:\/\/www.clinica-sante.com\/ro\/wp-json\/wp\/v2\/product_cat?post=26581"},{"taxonomy":"product_tag","embeddable":true,"href":"https:\/\/www.clinica-sante.com\/ro\/wp-json\/wp\/v2\/product_tag?post=26581"}],"curies":[{"name":"wp","href":"https:\/\/api.w.org\/{rel}","templated":true}]}}