{"id":26562,"date":"2025-06-24T13:53:34","date_gmt":"2025-06-24T11:53:34","guid":{"rendered":"https:\/\/www.clinica-sante.com\/ro\/analize-fara-categorie\/anticorpi-anti-lc-1\/"},"modified":"2026-01-03T17:03:28","modified_gmt":"2026-01-03T15:03:28","slug":"anticorpi-anti-lc-1","status":"publish","type":"product","link":"https:\/\/www.clinica-sante.com\/ro\/analize-boli-autoimune\/anticorpi-anti-lc-1\/","title":{"rendered":"Anticorpi anti-LC-1"},"content":{"rendered":"","protected":false},"excerpt":{"rendered":"<p>Testul detecteaz\u0103 autoanticorpii anti-LC-1 (liver cytosol type 1), asocia\u021bi cu hepatita autoimun\u0103 de tip 2. Se utilizeaz\u0103 \u00een evaluarea pacien\u021bilor cu citoliz\u0103 hepatic\u0103 de cauz\u0103 neprecizat\u0103, \u00een special la copii sau adolescen\u021bi.<\/p>\n","protected":false},"featured_media":0,"template":"","meta":{"_acf_changed":false,"inline_featured_image":false},"product_brand":[],"product_cat":[1209,3181,2876],"product_tag":[],"class_list":{"0":"post-26562","1":"product","2":"type-product","3":"status-publish","5":"product_cat-analize","6":"product_cat-boli-autoimune","7":"product_cat-serviciu-laborator","8":"pa_conditii-medicale-afecti-hepatita-autoimuna","9":"pa_parti-ale-corpului-organ-ficat-si-colecist","10":"pa_parti-ale-corpului-siste-sistem-digestiv","12":"first","13":"instock","14":"sale","15":"virtual","16":"purchasable","17":"product-type-simple"},"acf":[],"aioseo_notices":[],"_links":{"self":[{"href":"https:\/\/www.clinica-sante.com\/ro\/wp-json\/wp\/v2\/product\/26562","targetHints":{"allow":["GET"]}}],"collection":[{"href":"https:\/\/www.clinica-sante.com\/ro\/wp-json\/wp\/v2\/product"}],"about":[{"href":"https:\/\/www.clinica-sante.com\/ro\/wp-json\/wp\/v2\/types\/product"}],"wp:attachment":[{"href":"https:\/\/www.clinica-sante.com\/ro\/wp-json\/wp\/v2\/media?parent=26562"}],"wp:term":[{"taxonomy":"product_brand","embeddable":true,"href":"https:\/\/www.clinica-sante.com\/ro\/wp-json\/wp\/v2\/product_brand?post=26562"},{"taxonomy":"product_cat","embeddable":true,"href":"https:\/\/www.clinica-sante.com\/ro\/wp-json\/wp\/v2\/product_cat?post=26562"},{"taxonomy":"product_tag","embeddable":true,"href":"https:\/\/www.clinica-sante.com\/ro\/wp-json\/wp\/v2\/product_tag?post=26562"}],"curies":[{"name":"wp","href":"https:\/\/api.w.org\/{rel}","templated":true}]}}