{"id":26559,"date":"2025-06-24T13:53:18","date_gmt":"2025-06-24T11:53:18","guid":{"rendered":"https:\/\/www.clinica-sante.com\/ro\/analize-fara-categorie\/chlamydia-psittaci-anticorpi-iga\/"},"modified":"2026-01-03T17:03:20","modified_gmt":"2026-01-03T15:03:20","slug":"chlamydia-psittaci-anticorpi-iga","status":"publish","type":"product","link":"https:\/\/www.clinica-sante.com\/ro\/analize-boli-infectioase\/chlamydia-psittaci-anticorpi-iga\/","title":{"rendered":"Chlamydia psittaci: Anticorpi IgA"},"content":{"rendered":"","protected":false},"excerpt":{"rendered":"<p>Testul determin\u0103 anticorpii IgA \u00eempotriva Chlamydia psittaci, bacterie transmisibil\u0103 de la p\u0103s\u0103ri la om. Determinarea este indicat\u0103 \u00een cazuri de pneumonie atipic\u0103 sau simptome respiratorii la persoane expuse la p\u0103s\u0103ri (ornitoz\u0103).<\/p>\n","protected":false},"featured_media":0,"template":"","meta":{"_acf_changed":false,"inline_featured_image":false},"product_brand":[],"product_cat":[1209,3179,2876],"product_tag":[],"class_list":{"0":"post-26559","1":"product","2":"type-product","3":"status-publish","5":"product_cat-analize","6":"product_cat-boli-infectioase","7":"product_cat-serviciu-laborator","8":"pa_conditii-medicale-afecti-bronhopneumonii","9":"pa_parti-ale-corpului-organ-plamani","10":"pa_parti-ale-corpului-siste-sistem-respirator","12":"first","13":"instock","14":"sale","15":"virtual","16":"purchasable","17":"product-type-simple"},"acf":[],"aioseo_notices":[],"_links":{"self":[{"href":"https:\/\/www.clinica-sante.com\/ro\/wp-json\/wp\/v2\/product\/26559","targetHints":{"allow":["GET"]}}],"collection":[{"href":"https:\/\/www.clinica-sante.com\/ro\/wp-json\/wp\/v2\/product"}],"about":[{"href":"https:\/\/www.clinica-sante.com\/ro\/wp-json\/wp\/v2\/types\/product"}],"wp:attachment":[{"href":"https:\/\/www.clinica-sante.com\/ro\/wp-json\/wp\/v2\/media?parent=26559"}],"wp:term":[{"taxonomy":"product_brand","embeddable":true,"href":"https:\/\/www.clinica-sante.com\/ro\/wp-json\/wp\/v2\/product_brand?post=26559"},{"taxonomy":"product_cat","embeddable":true,"href":"https:\/\/www.clinica-sante.com\/ro\/wp-json\/wp\/v2\/product_cat?post=26559"},{"taxonomy":"product_tag","embeddable":true,"href":"https:\/\/www.clinica-sante.com\/ro\/wp-json\/wp\/v2\/product_tag?post=26559"}],"curies":[{"name":"wp","href":"https:\/\/api.w.org\/{rel}","templated":true}]}}