{"id":26550,"date":"2025-06-24T13:52:34","date_gmt":"2025-06-24T11:52:34","guid":{"rendered":"https:\/\/www.clinica-sante.com\/ro\/analize-fara-categorie\/antigen-cryptococcus-urina\/"},"modified":"2026-01-03T17:02:52","modified_gmt":"2026-01-03T15:02:52","slug":"antigen-cryptococcus-urina","status":"publish","type":"product","link":"https:\/\/www.clinica-sante.com\/ro\/analize-boli-infectioase\/antigen-cryptococcus-urina\/","title":{"rendered":"Antigen Cryptococcus (urina)"},"content":{"rendered":"","protected":false},"excerpt":{"rendered":"<p>Testul detecteaz\u0103 antigenul capsular al fungilor din genul Cryptococcus \u00een urin\u0103 \u0219i este utilizat ca metod\u0103 adjuvant\u0103 pentru diagnosticul criptococozei. Este deosebit de util la pacien\u021bii cu imunodepresie sever\u0103 (ex. HIV\/SIDA), pentru depistarea formelor diseminate de infec\u021bie, inclusiv meningita criptococic\u0103.<\/p>\n","protected":false},"featured_media":0,"template":"","meta":{"_acf_changed":false,"inline_featured_image":false},"product_brand":[],"product_cat":[1209,3179,2876],"product_tag":[],"class_list":{"0":"post-26550","1":"product","2":"type-product","3":"status-publish","5":"product_cat-analize","6":"product_cat-boli-infectioase","7":"product_cat-serviciu-laborator","9":"first","10":"instock","11":"sale","12":"virtual","13":"purchasable","14":"product-type-simple"},"acf":[],"aioseo_notices":[],"_links":{"self":[{"href":"https:\/\/www.clinica-sante.com\/ro\/wp-json\/wp\/v2\/product\/26550","targetHints":{"allow":["GET"]}}],"collection":[{"href":"https:\/\/www.clinica-sante.com\/ro\/wp-json\/wp\/v2\/product"}],"about":[{"href":"https:\/\/www.clinica-sante.com\/ro\/wp-json\/wp\/v2\/types\/product"}],"wp:attachment":[{"href":"https:\/\/www.clinica-sante.com\/ro\/wp-json\/wp\/v2\/media?parent=26550"}],"wp:term":[{"taxonomy":"product_brand","embeddable":true,"href":"https:\/\/www.clinica-sante.com\/ro\/wp-json\/wp\/v2\/product_brand?post=26550"},{"taxonomy":"product_cat","embeddable":true,"href":"https:\/\/www.clinica-sante.com\/ro\/wp-json\/wp\/v2\/product_cat?post=26550"},{"taxonomy":"product_tag","embeddable":true,"href":"https:\/\/www.clinica-sante.com\/ro\/wp-json\/wp\/v2\/product_tag?post=26550"}],"curies":[{"name":"wp","href":"https:\/\/api.w.org\/{rel}","templated":true}]}}