{"id":26547,"date":"2025-06-24T14:52:21","date_gmt":"2025-06-24T11:52:21","guid":{"rendered":"https:\/\/www.clinica-sante.com\/ro\/analize-fara-categorie\/amiloid-a\/"},"modified":"2026-01-03T17:02:41","modified_gmt":"2026-01-03T15:02:41","slug":"amiloid-a","status":"publish","type":"product","link":"https:\/\/www.clinica-sante.com\/ro\/analize-biochimie\/amiloid-a\/","title":{"rendered":"Amiloid A"},"content":{"rendered":"","protected":false},"excerpt":{"rendered":"<p>Amiloidul A este o protein\u0103 de faz\u0103 acut\u0103, produs\u0103 \u00een inflama\u021bii. Nivelurile crescute pot ap\u0103rea \u00een boli cronice inflamatorii, infec\u021bii sau anumite cancere. Este folosit\u0103 ca marker \u00een monitorizarea inflama\u021biei \u0219i \u00een diagnosticul amiloidozei.<\/p>\n","protected":false},"featured_media":0,"template":"","meta":{"_acf_changed":false,"inline_featured_image":false},"product_brand":[],"product_cat":[1209,3169,2876],"product_tag":[],"class_list":{"0":"post-26547","1":"product","2":"type-product","3":"status-publish","5":"product_cat-analize","6":"product_cat-biochimie","7":"product_cat-serviciu-laborator","8":"pa_conditii-medicale-afecti-amiloidoza-cardiaca","10":"first","11":"instock","12":"sale","13":"virtual","14":"purchasable","15":"product-type-simple"},"acf":[],"aioseo_notices":[],"_links":{"self":[{"href":"https:\/\/www.clinica-sante.com\/ro\/wp-json\/wp\/v2\/product\/26547","targetHints":{"allow":["GET"]}}],"collection":[{"href":"https:\/\/www.clinica-sante.com\/ro\/wp-json\/wp\/v2\/product"}],"about":[{"href":"https:\/\/www.clinica-sante.com\/ro\/wp-json\/wp\/v2\/types\/product"}],"wp:attachment":[{"href":"https:\/\/www.clinica-sante.com\/ro\/wp-json\/wp\/v2\/media?parent=26547"}],"wp:term":[{"taxonomy":"product_brand","embeddable":true,"href":"https:\/\/www.clinica-sante.com\/ro\/wp-json\/wp\/v2\/product_brand?post=26547"},{"taxonomy":"product_cat","embeddable":true,"href":"https:\/\/www.clinica-sante.com\/ro\/wp-json\/wp\/v2\/product_cat?post=26547"},{"taxonomy":"product_tag","embeddable":true,"href":"https:\/\/www.clinica-sante.com\/ro\/wp-json\/wp\/v2\/product_tag?post=26547"}],"curies":[{"name":"wp","href":"https:\/\/api.w.org\/{rel}","templated":true}]}}