{"id":26545,"date":"2025-06-24T14:52:07","date_gmt":"2025-06-24T11:52:07","guid":{"rendered":"https:\/\/www.clinica-sante.com\/ro\/analize-fara-categorie\/testosteron\/"},"modified":"2026-01-05T18:57:54","modified_gmt":"2026-01-05T16:57:54","slug":"testosteron","status":"publish","type":"product","link":"https:\/\/www.clinica-sante.com\/ro\/analize-imunologie\/testosteron\/","title":{"rendered":"Testosteron"},"content":{"rendered":"","protected":false},"excerpt":{"rendered":"<p>Testosteronul este hormonul sexual masculin esen\u021bial pentru dezvoltarea caracteristicilor masculine, func\u021bia sexual\u0103 \u0219i fertilitate. Testarea are rol \u00een identificarea unor dezechilibre hormonale at\u00e2t la b\u0103rba\u021bi, c\u00e2t \u0219i la femei, precum hipogonadismul, tulbur\u0103rile de pubertate sau hirsutisimul.<\/p>\n","protected":false},"featured_media":0,"template":"","meta":{"_acf_changed":false,"inline_featured_image":false},"product_brand":[],"product_cat":[1209,3180,2876],"product_tag":[],"class_list":{"0":"post-26545","1":"product","2":"type-product","3":"status-publish","5":"product_cat-analize","6":"product_cat-imunologie","7":"product_cat-serviciu-laborator","8":"pa_conditii-medicale-afecti-cancer-de-prostata","9":"pa_conditii-medicale-afecti-disfuctie-erectila","10":"pa_conditii-medicale-afecti-ginecomastie","11":"pa_conditii-medicale-afecti-hirsutism","12":"pa_conditii-medicale-afecti-miopatii-endocrine","13":"pa_conditii-medicale-afecti-tulburari-de-ciclu-menstrual-amenoree-sopc","14":"pa_conditii-medicale-afecti-tumori-hipofizare","16":"first","17":"instock","18":"sale","19":"virtual","20":"purchasable","21":"product-type-simple"},"acf":[],"aioseo_notices":[],"_links":{"self":[{"href":"https:\/\/www.clinica-sante.com\/ro\/wp-json\/wp\/v2\/product\/26545","targetHints":{"allow":["GET"]}}],"collection":[{"href":"https:\/\/www.clinica-sante.com\/ro\/wp-json\/wp\/v2\/product"}],"about":[{"href":"https:\/\/www.clinica-sante.com\/ro\/wp-json\/wp\/v2\/types\/product"}],"wp:attachment":[{"href":"https:\/\/www.clinica-sante.com\/ro\/wp-json\/wp\/v2\/media?parent=26545"}],"wp:term":[{"taxonomy":"product_brand","embeddable":true,"href":"https:\/\/www.clinica-sante.com\/ro\/wp-json\/wp\/v2\/product_brand?post=26545"},{"taxonomy":"product_cat","embeddable":true,"href":"https:\/\/www.clinica-sante.com\/ro\/wp-json\/wp\/v2\/product_cat?post=26545"},{"taxonomy":"product_tag","embeddable":true,"href":"https:\/\/www.clinica-sante.com\/ro\/wp-json\/wp\/v2\/product_tag?post=26545"}],"curies":[{"name":"wp","href":"https:\/\/api.w.org\/{rel}","templated":true}]}}